{"id":74,"date":"2022-02-23T10:09:58","date_gmt":"2022-02-23T09:09:58","guid":{"rendered":"https:\/\/ccbt-st1.le-pic.org\/?page_id=74"},"modified":"2024-05-31T15:58:35","modified_gmt":"2024-05-31T13:58:35","slug":"qui-sommes-nous","status":"publish","type":"page","link":"https:\/\/www.repaircafepibrac.org\/index.php\/qui-sommes-nous\/","title":{"rendered":"Qui sommes nous"},"content":{"rendered":"\n<div class=\"wp-block-kadence-column kadence-column74_c8bf14-1b inner-column-1\"><div class=\"kt-inside-inner-col\">\n<h2 class=\"wp-block-heading\">Le mouvement des Repair Caf\u00e9s et Caf\u00e9s Bricol&#8217; <\/h2>\n\n\n\n<p class=\"has-medium-font-size wp-block-paragraph\"><\/p>\n\n\n\n<p class=\"has-medium-font-size wp-block-paragraph\" style=\"font-style:normal;font-weight:500\">N\u00e9 \u00e0 Amsterdam en 2009, le concept de Repair Caf\u00e9 s&#8217;est depuis export\u00e9 \u00e0 l\u2019international. Aujourd\u2019hui, il constitue un mouvement mondial regroupant des milliers <strong>d&#8217;initiatives <\/strong>dans de nombreux pays, dont plus de 450 en France. Dans notre pays le mouvement est plut\u00f4t connu sous le nom de Caf\u00e9 Bricol&#8217; mais le concept est le m\u00eame. Dans la r\u00e9gion toulousaine, le premier Caf\u00e9 Bricol&#8217; cr\u00e9e par Toulouse en transition est n\u00e9 en 2014 dans le quartier des Chalets. Depuis la formule a fait des petits puisque l&#8217;on compte environ une trentaine de<strong> Caf\u00e9s Bricol et Repair Caf\u00e9s<\/strong>. En d\u00e9cembre 2021 plusieurs initiateurs et initiatrices de Caf\u00e9s Bricol&#8217; et Repair Caf\u00e9s se sont rencontr\u00e9s et ont d\u00e9fini des objectifs communs pour mieux faire connaitre ces initiatives, cr\u00e9er des synergies et de l&#8217;entraide.<\/p>\n\n\n\n<p class=\"has-medium-font-size wp-block-paragraph\"><strong>En r\u00e9sum\u00e9: <\/strong><\/p>\n\n\n\n<div class=\"wp-block-kadence-iconlist kt-svg-icon-list-items kt-svg-icon-list-items74_133182-b2 kt-svg-icon-list-columns-1 alignnone kt-list-icon-aligntop\"><ul class=\"kt-svg-icon-list\">\n<li class=\"wp-block-kadence-listitem kt-svg-icon-list-item-wrap kt-svg-icon-list-item-74_d0c76a-3b kt-svg-icon-list-style-default\"><span class=\"kb-svg-icon-wrap kb-svg-icon-fe_check kt-svg-icon-list-single\"><svg viewBox=\"0 0 24 24\"  fill=\"none\" stroke=\"currentColor\" stroke-width=\"2\" stroke-linecap=\"round\" stroke-linejoin=\"round\" xmlns=\"http:\/\/www.w3.org\/2000\/svg\"  aria-hidden=\"true\"><polyline points=\"20 6 9 17 4 12\"\/><\/svg><\/span><span class=\"kt-svg-icon-list-text\">Avoir du poids, \u00eatre plus fort et plus cr\u00e9dible.<\/span><\/li>\n\n\n\n<li class=\"wp-block-kadence-listitem kt-svg-icon-list-item-wrap kt-svg-icon-list-item-74_6b384a-f7 kt-svg-icon-list-style-default\"><span class=\"kb-svg-icon-wrap kb-svg-icon-fe_check kt-svg-icon-list-single\"><svg viewBox=\"0 0 24 24\"  fill=\"none\" stroke=\"currentColor\" stroke-width=\"2\" stroke-linecap=\"round\" stroke-linejoin=\"round\" xmlns=\"http:\/\/www.w3.org\/2000\/svg\"  aria-hidden=\"true\"><polyline points=\"20 6 9 17 4 12\"\/><\/svg><\/span><span class=\"kt-svg-icon-list-text\">Accompagner le d\u00e9ploiement de nouveaux Caf\u00e9s Bricol&#8217; et Repair Caf\u00e9s.<\/span><\/li>\n\n\n\n<li class=\"wp-block-kadence-listitem kt-svg-icon-list-item-wrap kt-svg-icon-list-item-74_16d973-fd kt-svg-icon-list-style-default\"><span class=\"kb-svg-icon-wrap kb-svg-icon-fe_check kt-svg-icon-list-single\"><svg viewBox=\"0 0 24 24\"  fill=\"none\" stroke=\"currentColor\" stroke-width=\"2\" stroke-linecap=\"round\" stroke-linejoin=\"round\" xmlns=\"http:\/\/www.w3.org\/2000\/svg\"  aria-hidden=\"true\"><polyline points=\"20 6 9 17 4 12\"\/><\/svg><\/span><span class=\"kt-svg-icon-list-text\">Avoir une meilleure coh\u00e9rence entre les initiatives des lieux de la r\u00e9paration d\u2019un m\u00eame territoire et une meilleure organisation pour le citoyen qui le fr\u00e9quente.<\/span><\/li>\n\n\n\n<li class=\"wp-block-kadence-listitem kt-svg-icon-list-item-wrap kt-svg-icon-list-item-74_d53849-96 kt-svg-icon-list-style-default\"><span class=\"kb-svg-icon-wrap kb-svg-icon-fe_check kt-svg-icon-list-single\"><svg viewBox=\"0 0 24 24\"  fill=\"none\" stroke=\"currentColor\" stroke-width=\"2\" stroke-linecap=\"round\" stroke-linejoin=\"round\" xmlns=\"http:\/\/www.w3.org\/2000\/svg\"  aria-hidden=\"true\"><polyline points=\"20 6 9 17 4 12\"\/><\/svg><\/span><span class=\"kt-svg-icon-list-text\">Mutualiser les ressources, \u00e9changer les savoir-faire, les comp\u00e9tences, les exp\u00e9riences et les pratiques.<\/span><\/li>\n<\/ul><\/div>\n\n\n\n<h2 class=\"wp-block-heading\">Le Repair Caf\u00e9 de Pibrac<\/h2>\n\n\n\n<p class=\"has-medium-font-size wp-block-paragraph\">Il a \u00e9t\u00e9 cr\u00e9\u00e9 en d\u00e9cembre 2014 dans le cadre du centre culturel de la mairie de Pibrac par un habitant de la commune et la responsable du CCAS sous le vocable de l&#8217;Atelier Bricol&#8217;. Depuis 2022, l&#8217;Atelier Bricol&#8217; est h\u00e9berg\u00e9 par l&#8217;association Pibraction Environnement et s&#8217;appelle maintenant le Repair Caf\u00e9 de Pibrac. Un lien particulier connecte les Repair Caf\u00e9s de l&#8217;ouest toulousain des communes de Colomiers, Tournefeuille et Blagnac qui organisent des \u00e9v\u00e8nements comme Esprit R\u00e9cup en juin 2023.<\/p>\n\n\n\n<p class=\"wp-block-paragraph\"><\/p>\n<\/div><\/div>\n","protected":false},"excerpt":{"rendered":"<p>Le mouvement des Repair Caf\u00e9s et Caf\u00e9s Bricol&#8217; N\u00e9 \u00e0 Amsterdam en 2009, le concept de Repair Caf\u00e9 s&#8217;est depuis export\u00e9 \u00e0 l\u2019international. Aujourd\u2019hui, il constitue un mouvement mondial regroupant des milliers d&#8217;initiatives dans de nombreux pays, dont plus de 450 en France. Dans notre pays le mouvement est plut\u00f4t connu sous le nom de [&hellip;]<\/p>\n","protected":false},"author":3,"featured_media":0,"parent":0,"menu_order":0,"comment_status":"closed","ping_status":"closed","template":"wp-custom-template-page-cafe-bricol","meta":{"_crdt_document":"","footnotes":""},"class_list":["post-74","page","type-page","status-publish","hentry"],"_links":{"self":[{"href":"https:\/\/www.repaircafepibrac.org\/index.php\/wp-json\/wp\/v2\/pages\/74","targetHints":{"allow":["GET"]}}],"collection":[{"href":"https:\/\/www.repaircafepibrac.org\/index.php\/wp-json\/wp\/v2\/pages"}],"about":[{"href":"https:\/\/www.repaircafepibrac.org\/index.php\/wp-json\/wp\/v2\/types\/page"}],"author":[{"embeddable":true,"href":"https:\/\/www.repaircafepibrac.org\/index.php\/wp-json\/wp\/v2\/users\/3"}],"replies":[{"embeddable":true,"href":"https:\/\/www.repaircafepibrac.org\/index.php\/wp-json\/wp\/v2\/comments?post=74"}],"version-history":[{"count":12,"href":"https:\/\/www.repaircafepibrac.org\/index.php\/wp-json\/wp\/v2\/pages\/74\/revisions"}],"predecessor-version":[{"id":2977,"href":"https:\/\/www.repaircafepibrac.org\/index.php\/wp-json\/wp\/v2\/pages\/74\/revisions\/2977"}],"wp:attachment":[{"href":"https:\/\/www.repaircafepibrac.org\/index.php\/wp-json\/wp\/v2\/media?parent=74"}],"curies":[{"name":"wp","href":"https:\/\/api.w.org\/{rel}","templated":true}]}}