{"id":70,"date":"2022-02-23T10:08:27","date_gmt":"2022-02-23T09:08:27","guid":{"rendered":"https:\/\/ccbt-st1.le-pic.org\/?page_id=70"},"modified":"2024-05-23T21:39:58","modified_gmt":"2024-05-23T19:39:58","slug":"preparer-sa-venue","status":"publish","type":"page","link":"https:\/\/www.repaircafepibrac.org\/index.php\/preparer-sa-venue\/","title":{"rendered":"Pr\u00e9parer sa venue"},"content":{"rendered":"\n<div class=\"wp-block-columns is-layout-flex wp-container-core-columns-is-layout-6517c9c8 wp-block-columns-is-layout-flex\" style=\"padding-top:15px\">\n<div class=\"wp-block-column is-layout-flow wp-block-column-is-layout-flow\" style=\"flex-basis:66.66%\">\n<h2 class=\"wp-block-heading\">Venir \u00e0 un Repair Caf\u00e9<\/h2>\n\n\n\n<p class=\"wp-block-paragraph\">Vous avez un appareil en panne et vous souhaitez le d\u00e9panner vous m\u00eame, il vous suffit de venir \u00e0 un de nos ateliers de r\u00e9paration<\/p>\n\n\n\n<p class=\"wp-block-paragraph\">Si vous habitez Pibrac, c&#8217;est facile, vous cliquer sur le menu agenda  pour trouvez les prochaines dates.  Pour trouver un autre lieu dans la r\u00e9gion toulousaine, le plus proche de chez vous, consulter <a href=\"https:\/\/cafebricol.fr\" data-type=\"page\" data-id=\"1240\">ce site<\/a> qui vous donnera \u00e9galement les dates et heures des sessions de r\u00e9paration.<\/p>\n\n\n\n<p class=\"wp-block-paragraph\">Apportez votre appareil, pensez \u00e0 <strong>prendre la notice<\/strong> ainsi que les diff\u00e9rents ustensiles n\u00e9cessaires \u00e0 le faire fonctionner (<strong>c\u00e2bles, alimentation<\/strong>, <strong>t\u00e9l\u00e9commande<\/strong>, outillage sp\u00e9cifique \u00e0 votre appareil.). Sur place, un b\u00e9n\u00e9vole vous aidera \u00e0 le d\u00e9panner. Les ateliers sont \u00e9quip\u00e9s d&#8217;outils. Mais vous pouvez bien \u00e9videmment amener vos propres outils si vous pr\u00e9f\u00e9rez.<\/p>\n\n\n\n<p class=\"wp-block-paragraph\">Pas besoin d&#8217;\u00eatre bricoleur, le b\u00e9n\u00e9vole vous guidera en fonction de vos connaissances. L&#8217;id\u00e9e est de d\u00e9panner et d&#8217;apprendre \u00e0 d\u00e9panner ensemble afin de prolonger la dur\u00e9e de vie de nos appareils. Tr\u00e8s souvent les pannes sont simples et faciles \u00e0 d\u00e9panner. Vous apprendrez en m\u00eame temps plein d&#8217;astuces pour r\u00e9parer vous-m\u00eame vos appareils.<\/p>\n\n\n\n<p class=\"wp-block-paragraph\"><\/p>\n\n\n\n<p class=\"wp-block-paragraph\"><\/p>\n\n\n\n<p class=\"wp-block-paragraph\"><\/p>\n\n\n\n<p class=\"wp-block-paragraph\"><\/p>\n<\/div>\n\n\n\n<div class=\"wp-block-column is-layout-flow wp-block-column-is-layout-flow\" style=\"flex-basis:33.33%\">\n<figure class=\"wp-block-image size-full\"><img loading=\"lazy\" decoding=\"async\" width=\"1024\" height=\"572\" src=\"https:\/\/www.repaircafepibrac.org\/wp-content\/uploads\/2022\/05\/flourens1.jpg\" alt=\"\" class=\"wp-image-2124\" srcset=\"https:\/\/www.repaircafepibrac.org\/wp-content\/uploads\/2022\/05\/flourens1.jpg 1024w, https:\/\/www.repaircafepibrac.org\/wp-content\/uploads\/2022\/05\/flourens1-300x168.jpg 300w, https:\/\/www.repaircafepibrac.org\/wp-content\/uploads\/2022\/05\/flourens1-768x429.jpg 768w\" sizes=\"auto, (max-width: 1024px) 100vw, 1024px\" \/><\/figure>\n\n\n\n<figure class=\"wp-block-image size-full\"><img loading=\"lazy\" decoding=\"async\" width=\"1020\" height=\"575\" src=\"https:\/\/www.repaircafepibrac.org\/wp-content\/uploads\/2022\/05\/AtelierBricol21.jpg\" alt=\"\" class=\"wp-image-2128\" srcset=\"https:\/\/www.repaircafepibrac.org\/wp-content\/uploads\/2022\/05\/AtelierBricol21.jpg 1020w, https:\/\/www.repaircafepibrac.org\/wp-content\/uploads\/2022\/05\/AtelierBricol21-300x169.jpg 300w, https:\/\/www.repaircafepibrac.org\/wp-content\/uploads\/2022\/05\/AtelierBricol21-768x433.jpg 768w\" sizes=\"auto, (max-width: 1020px) 100vw, 1020px\" \/><\/figure>\n<\/div>\n<\/div>\n","protected":false},"excerpt":{"rendered":"<p>Venir \u00e0 un Repair Caf\u00e9 Vous avez un appareil en panne et vous souhaitez le d\u00e9panner vous m\u00eame, il vous suffit de venir \u00e0 un de nos ateliers de r\u00e9paration Si vous habitez Pibrac, c&#8217;est facile, vous cliquer sur le menu agenda pour trouvez les prochaines dates. Pour trouver un autre lieu dans la r\u00e9gion [&hellip;]<\/p>\n","protected":false},"author":3,"featured_media":0,"parent":0,"menu_order":0,"comment_status":"closed","ping_status":"closed","template":"wp-custom-template-page-cafe-bricol","meta":{"_crdt_document":"","footnotes":""},"class_list":["post-70","page","type-page","status-publish","hentry"],"_links":{"self":[{"href":"https:\/\/www.repaircafepibrac.org\/index.php\/wp-json\/wp\/v2\/pages\/70","targetHints":{"allow":["GET"]}}],"collection":[{"href":"https:\/\/www.repaircafepibrac.org\/index.php\/wp-json\/wp\/v2\/pages"}],"about":[{"href":"https:\/\/www.repaircafepibrac.org\/index.php\/wp-json\/wp\/v2\/types\/page"}],"author":[{"embeddable":true,"href":"https:\/\/www.repaircafepibrac.org\/index.php\/wp-json\/wp\/v2\/users\/3"}],"replies":[{"embeddable":true,"href":"https:\/\/www.repaircafepibrac.org\/index.php\/wp-json\/wp\/v2\/comments?post=70"}],"version-history":[{"count":4,"href":"https:\/\/www.repaircafepibrac.org\/index.php\/wp-json\/wp\/v2\/pages\/70\/revisions"}],"predecessor-version":[{"id":2839,"href":"https:\/\/www.repaircafepibrac.org\/index.php\/wp-json\/wp\/v2\/pages\/70\/revisions\/2839"}],"wp:attachment":[{"href":"https:\/\/www.repaircafepibrac.org\/index.php\/wp-json\/wp\/v2\/media?parent=70"}],"curies":[{"name":"wp","href":"https:\/\/api.w.org\/{rel}","templated":true}]}}