{"id":679,"date":"2022-04-04T21:58:33","date_gmt":"2022-04-04T19:58:33","guid":{"rendered":"https:\/\/ccbt-st1.le-pic.org\/?page_id=679"},"modified":"2026-01-18T23:11:06","modified_gmt":"2026-01-18T22:11:06","slug":"accueil","status":"publish","type":"page","link":"https:\/\/www.repaircafepibrac.org\/","title":{"rendered":"Accueil"},"content":{"rendered":"\n<div class=\"wp-block-kadence-column kadence-column679_fc4c2f-f9\"><div class=\"kt-inside-inner-col\"><div class=\"kb-gallery-wrap-id-679_7c2048-1b alignnone wp-block-kadence-advancedgallery\"><div class=\"kb-gallery-ul kb-gallery-non-static kb-gallery-type-fluidcarousel kb-gallery-id-679_7c2048-1b kb-gallery-caption-style-bottom-hover kb-gallery-filter-none\" data-image-filter=\"none\" data-lightbox-caption=\"true\"><div class=\"kt-blocks-carousel splide kt-carousel-container-dotstyle-dark kt-carousel-arrowstyle-whiteondark kt-carousel-dotstyle-dark kb-slider-group-arrow kb-slider-arrow-position-center\" data-slider-anim-speed=\"400\" data-slider-scroll=\"1\" data-slider-arrows=\"true\" data-slider-dots=\"true\" data-slider-hover-pause=\"false\" data-slider-auto=\"\" data-slider-speed=\"7000\" data-slider-type=\"fluidcarousel\" data-slider-center-mode=\"true\" data-slider-gap=\"10px\" data-slider-gap-tablet=\"10px\" data-slider-gap-mobile=\"10px\" data-show-pause-button=\"false\"><div class=\"splide__track\"><ul class=\"kt-blocks-carousel-init kb-blocks-fluid-carousel splide__list\"><li class=\"kb-slide-item kb-gallery-carousel-item splide__slide\"><div class=\"kadence-blocks-gallery-item\"><div class=\"kadence-blocks-gallery-item-inner\"><figure class=\"kb-gallery-figure kadence-blocks-gallery-item-hide-caption\"><div class=\"kb-gal-image-radius\"><div class=\"kb-gallery-image-contain\" ><img loading=\"lazy\" decoding=\"async\" src=\"https:\/\/www.repaircafepibrac.org\/wp-content\/uploads\/2026\/01\/20251208_183023-768x1024.jpg\" width=\"768\" height=\"1024\" alt=\"Repair caf\u00e9 Pibrac, s\u00e9ance du 8 dec. 2025\" data-full-image=\"https:\/\/www.repaircafepibrac.org\/wp-content\/uploads\/2026\/01\/20251208_183023.jpg\" data-light-image=\"https:\/\/www.repaircafepibrac.org\/wp-content\/uploads\/2026\/01\/20251208_183023.jpg\" data-id=\"4052\" class=\"wp-image-4052 skip-lazy\" srcset=\"https:\/\/www.repaircafepibrac.org\/wp-content\/uploads\/2026\/01\/20251208_183023-768x1024.jpg 768w, https:\/\/www.repaircafepibrac.org\/wp-content\/uploads\/2026\/01\/20251208_183023-225x300.jpg 225w, https:\/\/www.repaircafepibrac.org\/wp-content\/uploads\/2026\/01\/20251208_183023.jpg 918w\" sizes=\"auto, (max-width: 768px) 100vw, 768px\" \/><\/div><\/div><\/figure><\/div><\/div><\/li><li class=\"kb-slide-item kb-gallery-carousel-item splide__slide\"><div class=\"kadence-blocks-gallery-item\"><div class=\"kadence-blocks-gallery-item-inner\"><figure class=\"kb-gallery-figure kadence-blocks-gallery-item-hide-caption\"><div class=\"kb-gal-image-radius\"><div class=\"kb-gallery-image-contain\" ><img loading=\"lazy\" decoding=\"async\" src=\"https:\/\/www.repaircafepibrac.org\/wp-content\/uploads\/2026\/01\/20251208_182907-768x1024.jpg\" width=\"768\" height=\"1024\" alt=\"Repair caf\u00e9 Pibrac, s\u00e9ance du 8 dec. 2025\" data-full-image=\"https:\/\/www.repaircafepibrac.org\/wp-content\/uploads\/2026\/01\/20251208_182907.jpg\" data-light-image=\"https:\/\/www.repaircafepibrac.org\/wp-content\/uploads\/2026\/01\/20251208_182907.jpg\" data-id=\"4051\" class=\"wp-image-4051 skip-lazy\" srcset=\"https:\/\/www.repaircafepibrac.org\/wp-content\/uploads\/2026\/01\/20251208_182907-768x1024.jpg 768w, https:\/\/www.repaircafepibrac.org\/wp-content\/uploads\/2026\/01\/20251208_182907-225x300.jpg 225w, https:\/\/www.repaircafepibrac.org\/wp-content\/uploads\/2026\/01\/20251208_182907.jpg 918w\" sizes=\"auto, (max-width: 768px) 100vw, 768px\" \/><\/div><\/div><\/figure><\/div><\/div><\/li><li class=\"kb-slide-item kb-gallery-carousel-item splide__slide\"><div class=\"kadence-blocks-gallery-item\"><div class=\"kadence-blocks-gallery-item-inner\"><figure class=\"kb-gallery-figure kadence-blocks-gallery-item-hide-caption\"><div class=\"kb-gal-image-radius\"><div class=\"kb-gallery-image-contain\" ><img loading=\"lazy\" decoding=\"async\" src=\"https:\/\/www.repaircafepibrac.org\/wp-content\/uploads\/2026\/01\/20251208_182803-768x1024.jpg\" width=\"768\" height=\"1024\" alt=\"Repair caf\u00e9 Pibrac, s\u00e9ance du 8 dec. 2025\" data-full-image=\"https:\/\/www.repaircafepibrac.org\/wp-content\/uploads\/2026\/01\/20251208_182803.jpg\" data-light-image=\"https:\/\/www.repaircafepibrac.org\/wp-content\/uploads\/2026\/01\/20251208_182803.jpg\" data-id=\"4050\" class=\"wp-image-4050 skip-lazy\" srcset=\"https:\/\/www.repaircafepibrac.org\/wp-content\/uploads\/2026\/01\/20251208_182803-768x1024.jpg 768w, https:\/\/www.repaircafepibrac.org\/wp-content\/uploads\/2026\/01\/20251208_182803-225x300.jpg 225w, https:\/\/www.repaircafepibrac.org\/wp-content\/uploads\/2026\/01\/20251208_182803.jpg 918w\" sizes=\"auto, (max-width: 768px) 100vw, 768px\" \/><\/div><\/div><\/figure><\/div><\/div><\/li><li class=\"kb-slide-item kb-gallery-carousel-item splide__slide\"><div class=\"kadence-blocks-gallery-item\"><div class=\"kadence-blocks-gallery-item-inner\"><figure class=\"kb-gallery-figure kadence-blocks-gallery-item-hide-caption\"><div class=\"kb-gal-image-radius\"><div class=\"kb-gallery-image-contain\" ><img loading=\"lazy\" decoding=\"async\" src=\"https:\/\/www.repaircafepibrac.org\/wp-content\/uploads\/2026\/01\/20251208_181935-1024x768.jpg\" width=\"1024\" height=\"768\" alt=\"Repair caf\u00e9 Pibrac, s\u00e9ance du 8 dec. 2025\" data-full-image=\"https:\/\/www.repaircafepibrac.org\/wp-content\/uploads\/2026\/01\/20251208_181935.jpg\" data-light-image=\"https:\/\/www.repaircafepibrac.org\/wp-content\/uploads\/2026\/01\/20251208_181935.jpg\" data-id=\"4049\" class=\"wp-image-4049 skip-lazy\" srcset=\"https:\/\/www.repaircafepibrac.org\/wp-content\/uploads\/2026\/01\/20251208_181935-1024x768.jpg 1024w, https:\/\/www.repaircafepibrac.org\/wp-content\/uploads\/2026\/01\/20251208_181935-300x225.jpg 300w, https:\/\/www.repaircafepibrac.org\/wp-content\/uploads\/2026\/01\/20251208_181935-768x576.jpg 768w, https:\/\/www.repaircafepibrac.org\/wp-content\/uploads\/2026\/01\/20251208_181935.jpg 1224w\" sizes=\"auto, (max-width: 1024px) 100vw, 1024px\" \/><\/div><\/div><\/figure><\/div><\/div><\/li><li class=\"kb-slide-item kb-gallery-carousel-item splide__slide\"><div class=\"kadence-blocks-gallery-item\"><div class=\"kadence-blocks-gallery-item-inner\"><figure class=\"kb-gallery-figure kadence-blocks-gallery-item-hide-caption\"><div class=\"kb-gal-image-radius\"><div class=\"kb-gallery-image-contain\" ><img loading=\"lazy\" decoding=\"async\" src=\"https:\/\/www.repaircafepibrac.org\/wp-content\/uploads\/2026\/01\/20251208_181856-768x1024.jpg\" width=\"768\" height=\"1024\" alt=\"Repair caf\u00e9 Pibrac, s\u00e9ance du 8 dec. 2025\" data-full-image=\"https:\/\/www.repaircafepibrac.org\/wp-content\/uploads\/2026\/01\/20251208_181856.jpg\" data-light-image=\"https:\/\/www.repaircafepibrac.org\/wp-content\/uploads\/2026\/01\/20251208_181856.jpg\" data-id=\"4048\" class=\"wp-image-4048 skip-lazy\" srcset=\"https:\/\/www.repaircafepibrac.org\/wp-content\/uploads\/2026\/01\/20251208_181856-768x1024.jpg 768w, https:\/\/www.repaircafepibrac.org\/wp-content\/uploads\/2026\/01\/20251208_181856-225x300.jpg 225w, https:\/\/www.repaircafepibrac.org\/wp-content\/uploads\/2026\/01\/20251208_181856.jpg 918w\" sizes=\"auto, (max-width: 768px) 100vw, 768px\" \/><\/div><\/div><\/figure><\/div><\/div><\/li><li class=\"kb-slide-item kb-gallery-carousel-item splide__slide\"><div class=\"kadence-blocks-gallery-item\"><div class=\"kadence-blocks-gallery-item-inner\"><figure class=\"kb-gallery-figure kadence-blocks-gallery-item-hide-caption\"><div class=\"kb-gal-image-radius\"><div class=\"kb-gallery-image-contain\" ><img loading=\"lazy\" decoding=\"async\" src=\"https:\/\/www.repaircafepibrac.org\/wp-content\/uploads\/2026\/01\/20251208_181820-1024x768.jpg\" width=\"1024\" height=\"768\" alt=\"Repair caf\u00e9 Pibrac, s\u00e9ance du 8 dec. 2025\" data-full-image=\"https:\/\/www.repaircafepibrac.org\/wp-content\/uploads\/2026\/01\/20251208_181820.jpg\" data-light-image=\"https:\/\/www.repaircafepibrac.org\/wp-content\/uploads\/2026\/01\/20251208_181820.jpg\" data-id=\"4047\" class=\"wp-image-4047 skip-lazy\" srcset=\"https:\/\/www.repaircafepibrac.org\/wp-content\/uploads\/2026\/01\/20251208_181820-1024x768.jpg 1024w, https:\/\/www.repaircafepibrac.org\/wp-content\/uploads\/2026\/01\/20251208_181820-300x225.jpg 300w, https:\/\/www.repaircafepibrac.org\/wp-content\/uploads\/2026\/01\/20251208_181820-768x576.jpg 768w, https:\/\/www.repaircafepibrac.org\/wp-content\/uploads\/2026\/01\/20251208_181820.jpg 1224w\" sizes=\"auto, (max-width: 1024px) 100vw, 1024px\" \/><\/div><\/div><\/figure><\/div><\/div><\/li><li class=\"kb-slide-item kb-gallery-carousel-item splide__slide\"><div class=\"kadence-blocks-gallery-item\"><div class=\"kadence-blocks-gallery-item-inner\"><figure class=\"kb-gallery-figure kadence-blocks-gallery-item-hide-caption\"><div class=\"kb-gal-image-radius\"><div class=\"kb-gallery-image-contain\" ><img loading=\"lazy\" decoding=\"async\" src=\"https:\/\/www.repaircafepibrac.org\/wp-content\/uploads\/2026\/01\/20251208_181720-768x1024.jpg\" width=\"768\" height=\"1024\" alt=\"Repair caf\u00e9 Pibrac, s\u00e9ance du 8 dec. 2025\" data-full-image=\"https:\/\/www.repaircafepibrac.org\/wp-content\/uploads\/2026\/01\/20251208_181720.jpg\" data-light-image=\"https:\/\/www.repaircafepibrac.org\/wp-content\/uploads\/2026\/01\/20251208_181720.jpg\" data-id=\"4045\" class=\"wp-image-4045 skip-lazy\" srcset=\"https:\/\/www.repaircafepibrac.org\/wp-content\/uploads\/2026\/01\/20251208_181720-768x1024.jpg 768w, https:\/\/www.repaircafepibrac.org\/wp-content\/uploads\/2026\/01\/20251208_181720-225x300.jpg 225w, https:\/\/www.repaircafepibrac.org\/wp-content\/uploads\/2026\/01\/20251208_181720.jpg 918w\" sizes=\"auto, (max-width: 768px) 100vw, 768px\" \/><\/div><\/div><\/figure><\/div><\/div><\/li><li class=\"kb-slide-item kb-gallery-carousel-item splide__slide\"><div class=\"kadence-blocks-gallery-item\"><div class=\"kadence-blocks-gallery-item-inner\"><figure class=\"kb-gallery-figure kadence-blocks-gallery-item-hide-caption\"><div class=\"kb-gal-image-radius\"><div class=\"kb-gallery-image-contain\" ><img loading=\"lazy\" decoding=\"async\" src=\"https:\/\/www.repaircafepibrac.org\/wp-content\/uploads\/2026\/01\/20251208_183359-1024x768.jpg\" width=\"1024\" height=\"768\" alt=\"Repair caf\u00e9 Pibrac, s\u00e9ance du 8 dec. 2025\" data-full-image=\"https:\/\/www.repaircafepibrac.org\/wp-content\/uploads\/2026\/01\/20251208_183359.jpg\" data-light-image=\"https:\/\/www.repaircafepibrac.org\/wp-content\/uploads\/2026\/01\/20251208_183359.jpg\" data-id=\"4040\" class=\"wp-image-4040 skip-lazy\" srcset=\"https:\/\/www.repaircafepibrac.org\/wp-content\/uploads\/2026\/01\/20251208_183359-1024x768.jpg 1024w, https:\/\/www.repaircafepibrac.org\/wp-content\/uploads\/2026\/01\/20251208_183359-300x225.jpg 300w, https:\/\/www.repaircafepibrac.org\/wp-content\/uploads\/2026\/01\/20251208_183359-768x576.jpg 768w, https:\/\/www.repaircafepibrac.org\/wp-content\/uploads\/2026\/01\/20251208_183359.jpg 1224w\" sizes=\"auto, (max-width: 1024px) 100vw, 1024px\" \/><\/div><\/div><\/figure><\/div><\/div><\/li><\/ul><\/div><\/div><\/div><\/div><\/div><\/div>\n\n\n\n<div class=\"wp-block-group Block0 has-foreground-color has-text-color has-background is-layout-constrained wp-container-core-group-is-layout-6674a134 wp-block-group-is-layout-constrained\" style=\"border-bottom-color:var(--wp--preset--color--secondary);background-color:#f6f6f6\">\n<div class=\"wp-block-group is-layout-constrained wp-container-core-group-is-layout-4be927c2 wp-block-group-is-layout-constrained\">\n<div class=\"wp-block-columns is-layout-flex wp-container-core-columns-is-layout-f56f613f wp-block-columns-is-layout-flex\">\n<div class=\"wp-block-column is-layout-flow wp-block-column-is-layout-flow\" style=\"flex-basis:33%\">\n<h2 class=\"wp-block-heading has-text-align-center has-large-font-size\" style=\"margin-top:0px;margin-right:0px;margin-bottom:0px;margin-left:0px\">Un Repair Caf\u00e9, c&#8217;est quoi ?<\/h2>\n\n\n\n<p class=\"wp-block-paragraph\"><\/p>\n\n\n\n<p class=\"kt-adv-heading679_52bb46-e4 wp-block-kadence-advancedheading\" data-kb-block=\"kb-adv-heading679_52bb46-e4\">Un Repair Caf\u00e9 est <em>un rendez-vous<\/em> entre citoyens bien d\u00e9cid\u00e9s \u00e0 ne plus jeter leurs objets sans tenter de les r\u00e9parer ! Un Repair Caf\u00e9, c\u2019est vous, c\u2019est nous, qui nous retrouvons le temps d\u2019un atelier pour <em>r\u00e9parer ensemble<\/em>. <\/p>\n\n\n\n<p class=\"kt-adv-heading679_c5105f-d8 wp-block-kadence-advancedheading\" data-kb-block=\"kb-adv-heading679_c5105f-d8\">Les r\u00e9parations sont souvent <strong>simples<\/strong> et peu on\u00e9reuses \u00e0 r\u00e9aliser. Plut\u00f4t que de racheter syst\u00e9matiquement du neuf, offrez une nouvelle vie \u00e0 vos appareils.<\/p>\n\n\n\n<p class=\"wp-block-paragraph\">Le Repair Caf\u00e9 de Pibrac est une des activit\u00e9s de l&#8217;association <a href=\"https:\/\/pibraction-environnement.org\" target=\"_blank\" rel=\"noreferrer noopener\">Pibraction Environnement<\/a>.<\/p>\n\n\n\n<div style=\"height:32px\" aria-hidden=\"true\" class=\"wp-block-spacer\"><\/div>\n\n\n\n<h5 class=\"wp-block-heading\">Pour en savoir plus, <br>suivez le guide !<\/h5>\n\n\n\n<figure class=\"wp-block-video\"><video height=\"720\" style=\"aspect-ratio: 1280 \/ 720;\" width=\"1280\" controls src=\"https:\/\/www.repaircafepibrac.org\/wp-content\/uploads\/2025\/12\/Repair-Cafe-Pibrac-modified_2025.mp4\" playsinline><\/video><\/figure>\n\n\n\n<p class=\"has-foreground-color has-text-color has-link-color has-medium-font-size wp-elements-5c86551ee70dc4a71d8262125fb719f2 wp-block-paragraph\">Sur les tables du Repair caf\u00e9 Pibrac, nous op\u00e9rons des machines \u00e0 caf\u00e9, des lecteurs CD, des TV, des machines \u00e0 coudre, des ordinateurs&#8230; Nous avons les outils &amp; une certaine expertise (vive l&#8217;intelligence collective !), alors r\u00e9parons ensemble nos appareils m\u00e9nagers et donnons leur une seconde vie. <strong>Devenez r\u00e9par&#8217;ACTEUR !<\/strong> \u00c0 vos tournevis, partez !<\/p>\n<\/div>\n\n\n\n<div class=\"wp-block-column is-layout-flow wp-block-column-is-layout-flow\" style=\"flex-basis:33%\">\n<h2 class=\"wp-block-heading has-text-align-center has-large-font-size\" style=\"margin-top:0px;margin-right:0px;margin-bottom:0px;margin-left:0px\">O\u00f9 et quand ?<\/h2>\n\n\n\n<p class=\"wp-block-paragraph\"><\/p>\n\n\n\n<p class=\"kt-adv-heading679_d8adb9-10 wp-block-kadence-advancedheading\" data-kb-block=\"kb-adv-heading679_d8adb9-10\">En 2025-2026, nous nous retrouvons \u00e0 la <strong>salle<\/strong> <a href=\"https:\/\/www.google.fr\/maps\/place\/Salle+Polyvalente\/@43.6181039,1.2770279,17z\/data=!3m1!4b1!4m6!3m5!1s0x12aeb21a7ecca7bf:0x45c51d53cc5e534e!8m2!3d43.6181039!4d1.2796028!16s%2Fg%2F11bywl2pm9?entry=ttu\" target=\"_blank\" rel=\"noreferrer noopener\"><strong>polyvalente <\/strong><\/a>( 6 bd des \u00e9coles \u00e0 Pibrac), de 17h30 \u00e0 20h30, un lundi par mois. Voir le calendrier des s\u00e9ances \u00e0 droite ou dans le menu Agenda.<\/p>\n\n\n\n<p class=\"kt-adv-heading679_7ba061-12 wp-block-kadence-advancedheading\" data-kb-block=\"kb-adv-heading679_7ba061-12\">L&#8217;atelier est gratuit et ouvert \u00e0 tous.tes, de 7 \u00e0 120 ans. Pas d&#8217;inscription, cependant vous pouvez  nous indiquer l&#8217;appareil que vous souhaitez r\u00e9parer par courriel: repaircafepibrac@gmail.com ou le <a href=\"https:\/\/www.repaircafepibrac.org\/index.php\/contact\/\">formulaire <\/a>de contact.<\/p>\n\n\n\n<p class=\"wp-block-paragraph\">Vous recherchez d&#8217;autres s\u00e9ances de r\u00e9paration dans la r\u00e9gion toulousaine, cliquez ici <a href=\"https:\/\/cafebricol.fr\" data-type=\"link\" data-id=\"https:\/\/cafebricol.fr\" target=\"_blank\" rel=\"noreferrer noopener\">cafebrico.fr <\/a>ou <a href=\"https:\/\/openagenda.com\/fr\/repaircafe\">openagenda<\/a>.<\/p>\n\n\n\n<p class=\"wp-block-paragraph\"><\/p>\n\n\n<div class=\"kb-gallery-wrap-id-679_23fb67-85 alignnone wp-block-kadence-advancedgallery\"><div class=\"kb-gallery-ul kb-gallery-non-static kb-gallery-type-slider kb-gallery-id-679_23fb67-85 kb-gallery-caption-style-bottom-hover kb-gallery-filter-none\" data-image-filter=\"none\" data-lightbox-caption=\"true\"><div class=\"kt-blocks-carousel splide kt-carousel-container-dotstyle-dark kt-carousel-arrowstyle-whiteondark kt-carousel-dotstyle-dark kb-slider-group-arrow kb-slider-arrow-position-center\" data-slider-anim-speed=\"400\" data-slider-scroll=\"1\" data-slider-arrows=\"true\" data-slider-fade=\"true\" data-slider-dots=\"true\" data-slider-type=\"slider\" data-slider-hover-pause=\"false\" data-slider-auto=\"\" data-slider-speed=\"7000\" data-show-pause-button=\"false\"><div class=\"splide__track\"><ul class=\"kt-blocks-carousel-init kb-blocks-slider splide__list\"><li class=\"kb-slide-item kb-gallery-slide-item splide__slide\"><div class=\"kadence-blocks-gallery-item\"><div class=\"kadence-blocks-gallery-item-inner\"><figure class=\"kb-gallery-figure kadence-blocks-gallery-item-hide-caption\"><div class=\"kb-gal-image-radius\"><div class=\"kb-gallery-image-contain kadence-blocks-gallery-intrinsic kb-gallery-image-ratio-port34 kb-has-image-ratio-port34\" ><img loading=\"lazy\" decoding=\"async\" src=\"https:\/\/www.repaircafepibrac.org\/wp-content\/uploads\/2026\/01\/20251208_185750-768x1024.jpg\" width=\"768\" height=\"1024\" alt=\"Repair caf\u00e9 Pibrac, s\u00e9ance du 8 dec. 2025\" data-full-image=\"https:\/\/www.repaircafepibrac.org\/wp-content\/uploads\/2026\/01\/20251208_185750.jpg\" data-light-image=\"https:\/\/www.repaircafepibrac.org\/wp-content\/uploads\/2026\/01\/20251208_185750.jpg\" data-id=\"4041\" class=\"wp-image-4041 skip-lazy\" srcset=\"https:\/\/www.repaircafepibrac.org\/wp-content\/uploads\/2026\/01\/20251208_185750-768x1024.jpg 768w, https:\/\/www.repaircafepibrac.org\/wp-content\/uploads\/2026\/01\/20251208_185750-225x300.jpg 225w, https:\/\/www.repaircafepibrac.org\/wp-content\/uploads\/2026\/01\/20251208_185750.jpg 918w\" sizes=\"auto, (max-width: 768px) 100vw, 768px\" \/><\/div><\/div><\/figure><\/div><\/div><\/li><li class=\"kb-slide-item kb-gallery-slide-item splide__slide\"><div class=\"kadence-blocks-gallery-item\"><div class=\"kadence-blocks-gallery-item-inner\"><figure class=\"kb-gallery-figure kadence-blocks-gallery-item-hide-caption\"><div class=\"kb-gal-image-radius\"><div class=\"kb-gallery-image-contain kadence-blocks-gallery-intrinsic kb-gallery-image-ratio-port34 kb-has-image-ratio-port34\" ><img loading=\"lazy\" decoding=\"async\" src=\"https:\/\/www.repaircafepibrac.org\/wp-content\/uploads\/2026\/01\/20251208_185824-768x1024.jpg\" width=\"768\" height=\"1024\" alt=\"Repair caf\u00e9 Pibrac, s\u00e9ance du 8 dec. 2025\" data-full-image=\"https:\/\/www.repaircafepibrac.org\/wp-content\/uploads\/2026\/01\/20251208_185824.jpg\" data-light-image=\"https:\/\/www.repaircafepibrac.org\/wp-content\/uploads\/2026\/01\/20251208_185824.jpg\" data-id=\"4042\" class=\"wp-image-4042 skip-lazy\" srcset=\"https:\/\/www.repaircafepibrac.org\/wp-content\/uploads\/2026\/01\/20251208_185824-768x1024.jpg 768w, https:\/\/www.repaircafepibrac.org\/wp-content\/uploads\/2026\/01\/20251208_185824-225x300.jpg 225w, https:\/\/www.repaircafepibrac.org\/wp-content\/uploads\/2026\/01\/20251208_185824.jpg 918w\" sizes=\"auto, (max-width: 768px) 100vw, 768px\" \/><\/div><\/div><\/figure><\/div><\/div><\/li><li class=\"kb-slide-item kb-gallery-slide-item splide__slide\"><div class=\"kadence-blocks-gallery-item\"><div class=\"kadence-blocks-gallery-item-inner\"><figure class=\"kb-gallery-figure kadence-blocks-gallery-item-hide-caption\"><div class=\"kb-gal-image-radius\"><div class=\"kb-gallery-image-contain kadence-blocks-gallery-intrinsic kb-gallery-image-ratio-port34 kb-has-image-ratio-port34\" ><img loading=\"lazy\" decoding=\"async\" src=\"https:\/\/www.repaircafepibrac.org\/wp-content\/uploads\/2026\/01\/20251208_185859-768x1024.jpg\" width=\"768\" height=\"1024\" alt=\"Repair caf\u00e9 Pibrac, s\u00e9ance du 8 dec. 2025\" data-full-image=\"https:\/\/www.repaircafepibrac.org\/wp-content\/uploads\/2026\/01\/20251208_185859.jpg\" data-light-image=\"https:\/\/www.repaircafepibrac.org\/wp-content\/uploads\/2026\/01\/20251208_185859.jpg\" data-id=\"4044\" class=\"wp-image-4044 skip-lazy\" srcset=\"https:\/\/www.repaircafepibrac.org\/wp-content\/uploads\/2026\/01\/20251208_185859-768x1024.jpg 768w, https:\/\/www.repaircafepibrac.org\/wp-content\/uploads\/2026\/01\/20251208_185859-225x300.jpg 225w, https:\/\/www.repaircafepibrac.org\/wp-content\/uploads\/2026\/01\/20251208_185859.jpg 918w\" sizes=\"auto, (max-width: 768px) 100vw, 768px\" \/><\/div><\/div><\/figure><\/div><\/div><\/li><\/ul><\/div><\/div><\/div><\/div><\/div>\n\n\n\n<div class=\"wp-block-column has-border-color is-layout-flow wp-block-column-is-layout-flow\" style=\"border-color:#e4c08b;border-width:1px;padding-right:10px;padding-left:10px;flex-basis:33%\">\n<h4 class=\"kt-adv-heading679_860f32-af wp-block-kadence-advancedheading\" data-kb-block=\"kb-adv-heading679_860f32-af\">\u00c0 la une <\/h4>\n\n\n\n<p class=\"has-secondary-background-color has-background wp-block-paragraph\"><strong>Le Repair Caf\u00e9 de Pibrac vous conseille pour allonger la dur\u00e9e de vie de vos appareils<\/strong>. <a href=\"https:\/\/www.repaircafepibrac.org\/index.php\/information-consommateurs\/\" data-type=\"page\" data-id=\"3866\" target=\"_blank\" rel=\"noreferrer noopener\">R\u00e9ponses \u00e0 vos questions<\/a><\/p>\n\n\n\n<h4 class=\"kt-adv-heading679_97eec2-81 wp-block-kadence-advancedheading\" data-kb-block=\"kb-adv-heading679_97eec2-81\">\u00c9v\u00e9nements  \u00e0 venir<\/h4>\n\n\n<div class=\"em em-view-container\" id=\"em-view-1906577816\" data-view=\"list\">\r\n\t<div class=\"em pixelbones em-list em-events-list\" id=\"em-events-list-1906577816\" data-view-id=\"1906577816\">\r\n\t<div class=\"flexline\">\t<div class=\"flex1\" style=\"border:1px solid #aaa;margin:10px;max-width:520px;\">\r\n\t<table style=\"width:100%;border-collapse:collapse;max-width:500px\">\r\n\t\t<tr>\r\n\t\t\t<td style=\"width:35%\">\r\n\t\t\t\t<strong>7 mai 2026<\/strong><br\/>\r\n\t\t\t\t 17h30 - 20h00\r\n\t\t\t<\/td>\r\n\t\t\t<td>\r\n\t\t\t\t <a href=\"https:\/\/www.repaircafepibrac.org\/index.php\/events\/reunion-bureau-du-rcp-11\/\">R\u00e9union bureau du RCP<\/a>\r\n\t\t\t\t <br\/><i><a href=\"https:\/\/www.repaircafepibrac.org\/index.php\/locations\/maison-des-citoyens-de-pibrac\/\">Maison des citoyens de Pibrac<\/a>, <strong>Pibrac<\/strong><\/i>\r\n\t\t\t<\/td>\r\n\t\t<\/tr>\r\n\t<\/table>\r\n\t<\/div>\t<div class=\"flex1\" style=\"border:1px solid #aaa;margin:10px;max-width:520px;\">\r\n\t<table style=\"width:100%;border-collapse:collapse;max-width:500px\">\r\n\t\t<tr>\r\n\t\t\t<td style=\"width:35%\">\r\n\t\t\t\t<strong>11 mai 2026<\/strong><br\/>\r\n\t\t\t\t 17h30 - 20h30\r\n\t\t\t<\/td>\r\n\t\t\t<td>\r\n\t\t\t\t <a href=\"https:\/\/www.repaircafepibrac.org\/index.php\/events\/seance-repair-cafe-de-pibrac-15\/\">S\u00e9ance Repair Caf\u00e9 de Pibrac<\/a>\r\n\t\t\t\t <br\/><i><a href=\"https:\/\/www.repaircafepibrac.org\/index.php\/locations\/salle-polyvalente-de-pibrac\/\">Salle polyvalente de Pibrac<\/a>, <strong>Pibrac<\/strong><\/i>\r\n\t\t\t<\/td>\r\n\t\t<\/tr>\r\n\t<\/table>\r\n\t<\/div>\t<div class=\"flex1\" style=\"border:1px solid #aaa;margin:10px;max-width:520px;\">\r\n\t<table style=\"width:100%;border-collapse:collapse;max-width:500px\">\r\n\t\t<tr>\r\n\t\t\t<td style=\"width:35%\">\r\n\t\t\t\t<strong>30 mai 2026<\/strong><br\/>\r\n\t\t\t\t 10h00 - 17h00\r\n\t\t\t<\/td>\r\n\t\t\t<td>\r\n\t\t\t\t <a href=\"https:\/\/www.repaircafepibrac.org\/index.php\/events\/repair-cafe-pibrac-entre-benevoles-6\/\">Repair Caf\u00e9 Pibrac entre b\u00e9n\u00e9voles<\/a>\r\n\t\t\t\t <br\/><i><a href=\"https:\/\/www.repaircafepibrac.org\/index.php\/locations\/salle-polyvalente-de-pibrac\/\">Salle polyvalente de Pibrac<\/a>, <strong>Pibrac<\/strong><\/i>\r\n\t\t\t<\/td>\r\n\t\t<\/tr>\r\n\t<\/table>\r\n\t<\/div>\t<div class=\"flex1\" style=\"border:1px solid #aaa;margin:10px;max-width:520px;\">\r\n\t<table style=\"width:100%;border-collapse:collapse;max-width:500px\">\r\n\t\t<tr>\r\n\t\t\t<td style=\"width:35%\">\r\n\t\t\t\t<strong>8 juin 2026<\/strong><br\/>\r\n\t\t\t\t 17h30 - 20h30\r\n\t\t\t<\/td>\r\n\t\t\t<td>\r\n\t\t\t\t <a href=\"https:\/\/www.repaircafepibrac.org\/index.php\/events\/seance-repair-cafe-de-pibrac-16\/\">S\u00e9ance Repair Caf\u00e9 de Pibrac<\/a>\r\n\t\t\t\t <br\/><i><a href=\"https:\/\/www.repaircafepibrac.org\/index.php\/locations\/salle-polyvalente-de-pibrac\/\">Salle polyvalente de Pibrac<\/a>, <strong>Pibrac<\/strong><\/i>\r\n\t\t\t<\/td>\r\n\t\t<\/tr>\r\n\t<\/table>\r\n\t<\/div><\/div>\t<\/div>\r\n<\/div>\n\n\n\n<p class=\"wp-block-paragraph\">Pour voir les autres \u00e9v\u00e8nements cliquez <a href=\"https:\/\/www.repaircafepibrac.org\/index.php\/agenda\/\" data-type=\"link\" data-id=\"https:\/\/www.repaircafepibrac.org\/index.php\/agenda\/\">ici<\/a><\/p>\n<\/div>\n<\/div>\n<\/div>\n<\/div>\n\n\n\n<p class=\"wp-block-paragraph\"><\/p>\n","protected":false},"excerpt":{"rendered":"<p>Un Repair Caf\u00e9, c&#8217;est quoi ? Un Repair Caf\u00e9 est un rendez-vous entre citoyens bien d\u00e9cid\u00e9s \u00e0 ne plus jeter leurs objets sans tenter de les r\u00e9parer ! Un Repair Caf\u00e9, c\u2019est vous, c\u2019est nous, qui nous retrouvons le temps d\u2019un atelier pour r\u00e9parer ensemble. Les r\u00e9parations sont souvent simples et peu on\u00e9reuses \u00e0 r\u00e9aliser. [&hellip;]<\/p>\n","protected":false},"author":5,"featured_media":795,"parent":0,"menu_order":0,"comment_status":"closed","ping_status":"closed","template":"wp-custom-template-page-cafe-bricol","meta":{"_crdt_document":"","footnotes":""},"class_list":["post-679","page","type-page","status-publish","has-post-thumbnail","hentry"],"_links":{"self":[{"href":"https:\/\/www.repaircafepibrac.org\/index.php\/wp-json\/wp\/v2\/pages\/679","targetHints":{"allow":["GET"]}}],"collection":[{"href":"https:\/\/www.repaircafepibrac.org\/index.php\/wp-json\/wp\/v2\/pages"}],"about":[{"href":"https:\/\/www.repaircafepibrac.org\/index.php\/wp-json\/wp\/v2\/types\/page"}],"author":[{"embeddable":true,"href":"https:\/\/www.repaircafepibrac.org\/index.php\/wp-json\/wp\/v2\/users\/5"}],"replies":[{"embeddable":true,"href":"https:\/\/www.repaircafepibrac.org\/index.php\/wp-json\/wp\/v2\/comments?post=679"}],"version-history":[{"count":99,"href":"https:\/\/www.repaircafepibrac.org\/index.php\/wp-json\/wp\/v2\/pages\/679\/revisions"}],"predecessor-version":[{"id":4069,"href":"https:\/\/www.repaircafepibrac.org\/index.php\/wp-json\/wp\/v2\/pages\/679\/revisions\/4069"}],"wp:featuredmedia":[{"embeddable":true,"href":"https:\/\/www.repaircafepibrac.org\/index.php\/wp-json\/wp\/v2\/media\/795"}],"wp:attachment":[{"href":"https:\/\/www.repaircafepibrac.org\/index.php\/wp-json\/wp\/v2\/media?parent=679"}],"curies":[{"name":"wp","href":"https:\/\/api.w.org\/{rel}","templated":true}]}}