{"id":66,"date":"2022-02-23T10:06:09","date_gmt":"2022-02-23T09:06:09","guid":{"rendered":"https:\/\/ccbt-st1.le-pic.org\/?page_id=66"},"modified":"2024-07-29T20:32:36","modified_gmt":"2024-07-29T18:32:36","slug":"formations-du-collectif","status":"publish","type":"page","link":"https:\/\/www.repaircafepibrac.org\/index.php\/formations-du-collectif\/","title":{"rendered":"Formations du collectif"},"content":{"rendered":"\n<div style=\"height:45px\" aria-hidden=\"true\" class=\"wp-block-spacer\"><\/div>\n\n\n\n<h2 class=\"wp-block-heading has-text-color\" style=\"color:#005b3a;font-size:20px\">Historique des formations du Collectif<\/h2>\n\n\n\n<figure class=\"wp-block-table is-style-regular\"><table><thead><tr><th>Date<\/th><th>Description<\/th><th>Lieux<\/th><th>Organisateur<\/th><\/tr><\/thead><tbody><tr><td>15 oct 2020<\/td><td>Bases th\u00e9oriques en \u00e9lectricit\u00e9<\/td><td>Les chalets TLS<\/td><td>ccbt<\/td><\/tr><tr><td>29 oct 2020<\/td><td>D\u00e9pannage des appareils \u00e0 r\u00e9sistance chauffante<\/td><td>Les chalets TLS<\/td><td>ccbt<\/td><\/tr><tr><td>9 d\u00e9c 2021<\/td><td>Bases en \u00e9lectricit\u00e9 premi\u00e8re partie<\/td><td>CPIE TLS<\/td><td>ccbt<\/td><\/tr><tr><td>20 jan 2021<\/td><td>Bases en \u00e9lectricit\u00e9 deuxi\u00e8me partie<\/td><td>CPIE TLS<\/td><td>ccbt<\/td><\/tr><tr><td>10 f\u00e9v 2022<\/td><td>D\u00e9pannage des appareils chauffants 1\u00e8re partie<\/td><td>CPIE TLS<\/td><td>ccbt<\/td><\/tr><tr><td>17 f\u00e9v 2022<\/td><td>D\u00e9pannage des appareils chauffants 2\u00e8me partie<\/td><td>CPIE TLS<\/td><td>ccbt<\/td><\/tr><tr><td>2 avril 2022<\/td><td>D\u00e9pannage des moteurs thermiques<\/td><td>La Maison Ramonville<\/td><td>Collectif La maison\/ccbt<\/td><\/tr><tr><td>19 mai 2022<\/td><td>D\u00e9pannage des moteurs \u00e9lectriques 1\u00e8re partie<\/td><td>CPIE TLS<\/td><td>ccbt<\/td><\/tr><tr><td>28 mai 2022<\/td><td>D\u00e9pannage des machines \u00e0 coudre<\/td><td>La Maison Ramonville<\/td><td>Collectif La maison\/ccbt<\/td><\/tr><tr><td>2 juin 2022<\/td><td>D\u00e9pannage des moteurs \u00e9lectriques 2\u00e8me partie<\/td><td>CPIE TLS<\/td><td>ccbt<\/td><\/tr><\/tbody><\/table><\/figure>\n\n\n\n<p class=\"wp-block-paragraph\">Les formations \u00e0 venir:<\/p>\n\n\n\n<ul class=\"wp-block-list\">\n<li><\/li>\n<\/ul>\n\n\n\n<p class=\"wp-block-paragraph\"><\/p>\n","protected":false},"excerpt":{"rendered":"<p>Historique des formations du Collectif Date Description Lieux Organisateur 15 oct 2020 Bases th\u00e9oriques en \u00e9lectricit\u00e9 Les chalets TLS ccbt 29 oct 2020 D\u00e9pannage des appareils \u00e0 r\u00e9sistance chauffante Les chalets TLS ccbt 9 d\u00e9c 2021 Bases en \u00e9lectricit\u00e9 premi\u00e8re partie CPIE TLS ccbt 20 jan 2021 Bases en \u00e9lectricit\u00e9 deuxi\u00e8me partie CPIE TLS ccbt [&hellip;]<\/p>\n","protected":false},"author":3,"featured_media":0,"parent":0,"menu_order":0,"comment_status":"closed","ping_status":"closed","template":"wp-custom-template-page-cafe-bricol","meta":{"_crdt_document":"","footnotes":""},"class_list":["post-66","page","type-page","status-publish","hentry"],"_links":{"self":[{"href":"https:\/\/www.repaircafepibrac.org\/index.php\/wp-json\/wp\/v2\/pages\/66","targetHints":{"allow":["GET"]}}],"collection":[{"href":"https:\/\/www.repaircafepibrac.org\/index.php\/wp-json\/wp\/v2\/pages"}],"about":[{"href":"https:\/\/www.repaircafepibrac.org\/index.php\/wp-json\/wp\/v2\/types\/page"}],"author":[{"embeddable":true,"href":"https:\/\/www.repaircafepibrac.org\/index.php\/wp-json\/wp\/v2\/users\/3"}],"replies":[{"embeddable":true,"href":"https:\/\/www.repaircafepibrac.org\/index.php\/wp-json\/wp\/v2\/comments?post=66"}],"version-history":[{"count":8,"href":"https:\/\/www.repaircafepibrac.org\/index.php\/wp-json\/wp\/v2\/pages\/66\/revisions"}],"predecessor-version":[{"id":3173,"href":"https:\/\/www.repaircafepibrac.org\/index.php\/wp-json\/wp\/v2\/pages\/66\/revisions\/3173"}],"wp:attachment":[{"href":"https:\/\/www.repaircafepibrac.org\/index.php\/wp-json\/wp\/v2\/media?parent=66"}],"curies":[{"name":"wp","href":"https:\/\/api.w.org\/{rel}","templated":true}]}}