{"id":539,"date":"2022-03-25T20:58:15","date_gmt":"2022-03-25T19:58:15","guid":{"rendered":"https:\/\/ccbt-st1.le-pic.org\/?page_id=539"},"modified":"2024-05-22T17:11:01","modified_gmt":"2024-05-22T15:11:01","slug":"un-cafe-bricol-cest-quoi","status":"publish","type":"page","link":"https:\/\/www.repaircafepibrac.org\/index.php\/un-cafe-bricol-cest-quoi\/","title":{"rendered":"Un Caf\u00e9 bricol, c&#8217;est quoi?"},"content":{"rendered":"\n<div class=\"wp-block-kadence-column kadence-column539_d96c89-90 inner-column-1\"><div class=\"kt-inside-inner-col\">\n<div class=\"wp-block-columns is-layout-flex wp-container-core-columns-is-layout-f56f613f wp-block-columns-is-layout-flex\">\n<div class=\"wp-block-column is-layout-flow wp-block-column-is-layout-flow\" style=\"padding-top:20px;padding-right:10px;flex-basis:60%\">\n<span class=\"kt-adv-heading539_e8f61c-04 wp-block-kadence-advancedheading\" data-kb-block=\"kb-adv-heading539_e8f61c-04\">Un <strong>Repair Caf\u00e9<\/strong> ou <strong>Caf\u00e9 Bricol&#8217;<\/strong> est un atelier consacr\u00e9 \u00e0 la r\u00e9paration d\u2019objets et organis\u00e9 \u00e0 un niveau local entre des personnes qui habitent ou fr\u00e9quentent un m\u00eame endroit (un quartier ou un village, par exemple). Ces personnes se rencontrent p\u00e9riodiquement en un lieu d\u00e9termin\u00e9 (par exemple un caf\u00e9, une salle des f\u00eates ou un local associatif) o\u00f9 des outils sont mis \u00e0 leur disposition et o\u00f9 ils peuvent r\u00e9parer un objet qu\u2019ils ont apport\u00e9. Des b\u00e9n\u00e9voles r\u00e9parateurs aident \u00e0 r\u00e9parer l&#8217;appareil mais son propri\u00e9taire participe activement \u00e0 la r\u00e9paration. Les objectifs principaux de cette d\u00e9marche alternative sont les suivants:<\/span>\n\n\n\n<div style=\"height:12px\" aria-hidden=\"true\" class=\"wp-block-spacer\"><\/div>\n\n\n\n<div class=\"wp-block-kadence-iconlist kt-svg-icon-list-items kt-svg-icon-list-items539_40a127-58 kt-svg-icon-list-columns-1 alignnone kt-list-icon-aligntop\"><ul class=\"kt-svg-icon-list\">\n<li class=\"wp-block-kadence-listitem kt-svg-icon-list-item-wrap kt-svg-icon-list-item-539_a20c85-5c kt-svg-icon-list-style-default\"><span class=\"kb-svg-icon-wrap kb-svg-icon-fe_check kt-svg-icon-list-single\"><svg viewBox=\"0 0 24 24\"  fill=\"none\" stroke=\"currentColor\" stroke-width=\"2\" stroke-linecap=\"round\" stroke-linejoin=\"round\" xmlns=\"http:\/\/www.w3.org\/2000\/svg\"  aria-hidden=\"true\"><polyline points=\"20 6 9 17 4 12\"\/><\/svg><\/span><span class=\"kt-svg-icon-list-text\">R\u00e9duire le gaspillage et les d\u00e9chets en donnant une seconde vie \u00e0 des appareils<\/span><\/li>\n\n\n\n<li class=\"wp-block-kadence-listitem kt-svg-icon-list-item-wrap kt-svg-icon-list-item-539_4a9e0f-1c kt-svg-icon-list-style-default\"><span class=\"kb-svg-icon-wrap kb-svg-icon-fe_check kt-svg-icon-list-single\"><svg viewBox=\"0 0 24 24\"  fill=\"none\" stroke=\"currentColor\" stroke-width=\"2\" stroke-linecap=\"round\" stroke-linejoin=\"round\" xmlns=\"http:\/\/www.w3.org\/2000\/svg\"  aria-hidden=\"true\"><polyline points=\"20 6 9 17 4 12\"\/><\/svg><\/span><span class=\"kt-svg-icon-list-text\">Apprendre \u00e0 r\u00e9parer et pr\u00e9server l\u2019art de r\u00e9parer des objets<\/span><\/li>\n\n\n\n<li class=\"wp-block-kadence-listitem kt-svg-icon-list-item-wrap kt-svg-icon-list-item-539_8f888b-35 kt-svg-icon-list-style-default\"><span class=\"kb-svg-icon-wrap kb-svg-icon-fe_check kt-svg-icon-list-single\"><svg viewBox=\"0 0 24 24\"  fill=\"none\" stroke=\"currentColor\" stroke-width=\"2\" stroke-linecap=\"round\" stroke-linejoin=\"round\" xmlns=\"http:\/\/www.w3.org\/2000\/svg\"  aria-hidden=\"true\"><polyline points=\"20 6 9 17 4 12\"\/><\/svg><\/span><span class=\"kt-svg-icon-list-text\">Faire des \u00e9conomies<\/span><\/li>\n\n\n\n<li class=\"wp-block-kadence-listitem kt-svg-icon-list-item-wrap kt-svg-icon-list-item-539_900e8a-88 kt-svg-icon-list-style-default\"><span class=\"kb-svg-icon-wrap kb-svg-icon-fe_check kt-svg-icon-list-single\"><svg viewBox=\"0 0 24 24\"  fill=\"none\" stroke=\"currentColor\" stroke-width=\"2\" stroke-linecap=\"round\" stroke-linejoin=\"round\" xmlns=\"http:\/\/www.w3.org\/2000\/svg\"  aria-hidden=\"true\"><polyline points=\"20 6 9 17 4 12\"\/><\/svg><\/span><span class=\"kt-svg-icon-list-text\">Renforcer la coh\u00e9sion sociale entre les habitants<\/span><\/li>\n\n\n\n<li class=\"wp-block-kadence-listitem kt-svg-icon-list-item-wrap kt-svg-icon-list-item-539_7818eb-5a kt-svg-icon-list-style-default\"><span class=\"kb-svg-icon-wrap kb-svg-icon-fe_check kt-svg-icon-list-single\"><svg viewBox=\"0 0 24 24\"  fill=\"none\" stroke=\"currentColor\" stroke-width=\"2\" stroke-linecap=\"round\" stroke-linejoin=\"round\" xmlns=\"http:\/\/www.w3.org\/2000\/svg\"  aria-hidden=\"true\"><polyline points=\"20 6 9 17 4 12\"\/><\/svg><\/span><span class=\"kt-svg-icon-list-text\">Partager des savoirs<\/span><\/li>\n<\/ul><\/div>\n<\/div>\n\n\n\n<div class=\"wp-block-column is-layout-flow wp-block-column-is-layout-flow\" style=\"padding-top:20px\">\n<figure class=\"wp-block-image size-full Imagecom\"><img loading=\"lazy\" decoding=\"async\" width=\"567\" height=\"756\" src=\"https:\/\/www.repaircafepibrac.org\/wp-content\/uploads\/2022\/05\/cafebricolpibrac.jpg\" alt=\"\" class=\"wp-image-1897\" srcset=\"https:\/\/www.repaircafepibrac.org\/wp-content\/uploads\/2022\/05\/cafebricolpibrac.jpg 567w, https:\/\/www.repaircafepibrac.org\/wp-content\/uploads\/2022\/05\/cafebricolpibrac-225x300.jpg 225w\" sizes=\"auto, (max-width: 567px) 100vw, 567px\" \/><\/figure>\n<\/div>\n<\/div>\n<\/div><\/div>\n","protected":false},"excerpt":{"rendered":"<p>Un Repair Caf\u00e9 ou Caf\u00e9 Bricol&#8217; est un atelier consacr\u00e9 \u00e0 la r\u00e9paration d\u2019objets et organis\u00e9 \u00e0 un niveau local entre des personnes qui habitent ou fr\u00e9quentent un m\u00eame endroit (un quartier ou un village, par exemple). Ces personnes se rencontrent p\u00e9riodiquement en un lieu d\u00e9termin\u00e9 (par exemple un caf\u00e9, une salle des f\u00eates ou [&hellip;]<\/p>\n","protected":false},"author":3,"featured_media":0,"parent":0,"menu_order":0,"comment_status":"closed","ping_status":"closed","template":"wp-custom-template-page-cafe-bricol","meta":{"_crdt_document":"","footnotes":""},"class_list":["post-539","page","type-page","status-publish","hentry"],"_links":{"self":[{"href":"https:\/\/www.repaircafepibrac.org\/index.php\/wp-json\/wp\/v2\/pages\/539","targetHints":{"allow":["GET"]}}],"collection":[{"href":"https:\/\/www.repaircafepibrac.org\/index.php\/wp-json\/wp\/v2\/pages"}],"about":[{"href":"https:\/\/www.repaircafepibrac.org\/index.php\/wp-json\/wp\/v2\/types\/page"}],"author":[{"embeddable":true,"href":"https:\/\/www.repaircafepibrac.org\/index.php\/wp-json\/wp\/v2\/users\/3"}],"replies":[{"embeddable":true,"href":"https:\/\/www.repaircafepibrac.org\/index.php\/wp-json\/wp\/v2\/comments?post=539"}],"version-history":[{"count":5,"href":"https:\/\/www.repaircafepibrac.org\/index.php\/wp-json\/wp\/v2\/pages\/539\/revisions"}],"predecessor-version":[{"id":2979,"href":"https:\/\/www.repaircafepibrac.org\/index.php\/wp-json\/wp\/v2\/pages\/539\/revisions\/2979"}],"wp:attachment":[{"href":"https:\/\/www.repaircafepibrac.org\/index.php\/wp-json\/wp\/v2\/media?parent=539"}],"curies":[{"name":"wp","href":"https:\/\/api.w.org\/{rel}","templated":true}]}}