{"id":46,"date":"2022-02-23T08:38:58","date_gmt":"2022-02-23T07:38:58","guid":{"rendered":"https:\/\/ccbt-st1.le-pic.org\/?page_id=46"},"modified":"2025-12-07T18:11:19","modified_gmt":"2025-12-07T17:11:19","slug":"agenda","status":"publish","type":"page","link":"https:\/\/www.repaircafepibrac.org\/index.php\/agenda\/","title":{"rendered":"Agenda"},"content":{"rendered":"\n<div class=\"wp-block-columns is-layout-flex wp-container-core-columns-is-layout-f56f613f wp-block-columns-is-layout-flex\">\n<div class=\"wp-block-column is-layout-flow wp-block-column-is-layout-flow\" style=\"flex-basis:66.66%\">\n<div class=\"wp-block-kadence-column kadence-column46_4893c5-96 inner-column-1\"><div class=\"kt-inside-inner-col\">\t\t<div class=\"wpfc-calendar-wrapper\"><form class=\"wpfc-calendar\" id=\"wpfc-calendar-76574\"><\/form><div class=\"wpfc-loading\"><\/div><\/div>\r\n\t\t<div class=\"wpfc-calendar-search\" style=\"display:none;\">\r\n\t\t\t\t\t<\/div>\r\n\t\t<script type=\"text\/javascript\">\r\n\t\t\tWPFC.data = {\r\n\t\t\t\taction : 'WP_FullCalendar',\r\n\t\t\t\t'type' : 'event','full' : 1,'long_events' : 1,'month' : 4,'year' : 2026,\t\t\t };\r\n\t\t\tWPFC.month = 4;\r\n\t\t\tWPFC.year = 2026;\r\n\t\t<\/script>\r\n\t\t\n<\/div><\/div>\n<\/div>\n\n\n\n<div class=\"wp-block-column is-layout-flow wp-block-column-is-layout-flow\" style=\"flex-basis:33.33%\">\n<h5 class=\"kt-adv-heading46_ba0733-bd wp-block-kadence-advancedheading\" data-kb-block=\"kb-adv-heading46_ba0733-bd\">Prochainement<\/h5>\n\n\n\n<div class=\"wp-block-kadence-column kadence-column46_17420a-08 inner-column-1 Margin0\"><div class=\"kt-inside-inner-col\"><div class=\"em em-view-container\" id=\"em-view-1658891040\" data-view=\"list\">\r\n\t<div class=\"em pixelbones em-list em-events-list\" id=\"em-events-list-1658891040\" data-view-id=\"1658891040\">\r\n\t<div class=\"flexline\">\t<div class=\"flex1\" style=\"border:1px solid #aaa;margin:10px;max-width:520px;\">\r\n\t<table style=\"width:100%;border-collapse:collapse;max-width:500px\">\r\n\t\t<tr>\r\n\t\t\t<td style=\"width:35%\">\r\n\t\t\t\t<strong>7 mai 2026<\/strong><br\/>\r\n\t\t\t\t 17h30 - 20h00\r\n\t\t\t<\/td>\r\n\t\t\t<td>\r\n\t\t\t\t <a href=\"https:\/\/www.repaircafepibrac.org\/index.php\/events\/reunion-bureau-du-rcp-11\/\">R\u00e9union bureau du RCP<\/a>\r\n\t\t\t\t <br\/><i><a href=\"https:\/\/www.repaircafepibrac.org\/index.php\/locations\/maison-des-citoyens-de-pibrac\/\">Maison des citoyens de Pibrac<\/a>, <strong>Pibrac<\/strong><\/i>\r\n\t\t\t<\/td>\r\n\t\t<\/tr>\r\n\t<\/table>\r\n\t<\/div>\t<div class=\"flex1\" style=\"border:1px solid #aaa;margin:10px;max-width:520px;\">\r\n\t<table style=\"width:100%;border-collapse:collapse;max-width:500px\">\r\n\t\t<tr>\r\n\t\t\t<td style=\"width:35%\">\r\n\t\t\t\t<strong>11 mai 2026<\/strong><br\/>\r\n\t\t\t\t 17h30 - 20h30\r\n\t\t\t<\/td>\r\n\t\t\t<td>\r\n\t\t\t\t <a href=\"https:\/\/www.repaircafepibrac.org\/index.php\/events\/seance-repair-cafe-de-pibrac-15\/\">S\u00e9ance Repair Caf\u00e9 de Pibrac<\/a>\r\n\t\t\t\t <br\/><i><a href=\"https:\/\/www.repaircafepibrac.org\/index.php\/locations\/salle-polyvalente-de-pibrac\/\">Salle polyvalente de Pibrac<\/a>, <strong>Pibrac<\/strong><\/i>\r\n\t\t\t<\/td>\r\n\t\t<\/tr>\r\n\t<\/table>\r\n\t<\/div>\t<div class=\"flex1\" style=\"border:1px solid #aaa;margin:10px;max-width:520px;\">\r\n\t<table style=\"width:100%;border-collapse:collapse;max-width:500px\">\r\n\t\t<tr>\r\n\t\t\t<td style=\"width:35%\">\r\n\t\t\t\t<strong>30 mai 2026<\/strong><br\/>\r\n\t\t\t\t 10h00 - 17h00\r\n\t\t\t<\/td>\r\n\t\t\t<td>\r\n\t\t\t\t <a href=\"https:\/\/www.repaircafepibrac.org\/index.php\/events\/repair-cafe-pibrac-entre-benevoles-6\/\">Repair Caf\u00e9 Pibrac entre b\u00e9n\u00e9voles<\/a>\r\n\t\t\t\t <br\/><i><a href=\"https:\/\/www.repaircafepibrac.org\/index.php\/locations\/salle-polyvalente-de-pibrac\/\">Salle polyvalente de Pibrac<\/a>, <strong>Pibrac<\/strong><\/i>\r\n\t\t\t<\/td>\r\n\t\t<\/tr>\r\n\t<\/table>\r\n\t<\/div>\t<div class=\"flex1\" style=\"border:1px solid #aaa;margin:10px;max-width:520px;\">\r\n\t<table style=\"width:100%;border-collapse:collapse;max-width:500px\">\r\n\t\t<tr>\r\n\t\t\t<td style=\"width:35%\">\r\n\t\t\t\t<strong>8 juin 2026<\/strong><br\/>\r\n\t\t\t\t 17h30 - 20h30\r\n\t\t\t<\/td>\r\n\t\t\t<td>\r\n\t\t\t\t <a href=\"https:\/\/www.repaircafepibrac.org\/index.php\/events\/seance-repair-cafe-de-pibrac-16\/\">S\u00e9ance Repair Caf\u00e9 de Pibrac<\/a>\r\n\t\t\t\t <br\/><i><a href=\"https:\/\/www.repaircafepibrac.org\/index.php\/locations\/salle-polyvalente-de-pibrac\/\">Salle polyvalente de Pibrac<\/a>, <strong>Pibrac<\/strong><\/i>\r\n\t\t\t<\/td>\r\n\t\t<\/tr>\r\n\t<\/table>\r\n\t<\/div>\t<div class=\"flex1\" style=\"border:1px solid #aaa;margin:10px;max-width:520px;\">\r\n\t<table style=\"width:100%;border-collapse:collapse;max-width:500px\">\r\n\t\t<tr>\r\n\t\t\t<td style=\"width:35%\">\r\n\t\t\t\t<strong>25 juin 2026<\/strong><br\/>\r\n\t\t\t\t 17h30 - 20h00\r\n\t\t\t<\/td>\r\n\t\t\t<td>\r\n\t\t\t\t <a href=\"https:\/\/www.repaircafepibrac.org\/index.php\/events\/reunion-bureau-du-rcp-6\/\">R\u00e9union bureau du RCP<\/a>\r\n\t\t\t\t <br\/><i><a href=\"https:\/\/www.repaircafepibrac.org\/index.php\/locations\/maison-des-citoyens-de-pibrac\/\">Maison des citoyens de Pibrac<\/a>, <strong>Pibrac<\/strong><\/i>\r\n\t\t\t<\/td>\r\n\t\t<\/tr>\r\n\t<\/table>\r\n\t<\/div>\t<div class=\"flex1\" style=\"border:1px solid #aaa;margin:10px;max-width:520px;\">\r\n\t<table style=\"width:100%;border-collapse:collapse;max-width:500px\">\r\n\t\t<tr>\r\n\t\t\t<td style=\"width:35%\">\r\n\t\t\t\t<strong>27 juin 2026<\/strong><br\/>\r\n\t\t\t\t 10h00 - 17h00\r\n\t\t\t<\/td>\r\n\t\t\t<td>\r\n\t\t\t\t <a href=\"https:\/\/www.repaircafepibrac.org\/index.php\/events\/repair-cafe-pibrac-entre-benevoles-7\/\">Repair Caf\u00e9 Pibrac entre b\u00e9n\u00e9voles<\/a>\r\n\t\t\t\t <br\/><i><a href=\"https:\/\/www.repaircafepibrac.org\/index.php\/locations\/salle-polyvalente-de-pibrac\/\">Salle polyvalente de Pibrac<\/a>, <strong>Pibrac<\/strong><\/i>\r\n\t\t\t<\/td>\r\n\t\t<\/tr>\r\n\t<\/table>\r\n\t<\/div><\/div>\t<\/div>\r\n<\/div>\n<\/div><\/div>\n<\/div>\n<\/div>\n","protected":false},"excerpt":{"rendered":"<p>Prochainement<\/p>\n","protected":false},"author":3,"featured_media":0,"parent":0,"menu_order":0,"comment_status":"closed","ping_status":"closed","template":"wp-custom-template-page-cafe-bricol","meta":{"_crdt_document":"","footnotes":""},"class_list":["post-46","page","type-page","status-publish","hentry"],"_links":{"self":[{"href":"https:\/\/www.repaircafepibrac.org\/index.php\/wp-json\/wp\/v2\/pages\/46","targetHints":{"allow":["GET"]}}],"collection":[{"href":"https:\/\/www.repaircafepibrac.org\/index.php\/wp-json\/wp\/v2\/pages"}],"about":[{"href":"https:\/\/www.repaircafepibrac.org\/index.php\/wp-json\/wp\/v2\/types\/page"}],"author":[{"embeddable":true,"href":"https:\/\/www.repaircafepibrac.org\/index.php\/wp-json\/wp\/v2\/users\/3"}],"replies":[{"embeddable":true,"href":"https:\/\/www.repaircafepibrac.org\/index.php\/wp-json\/wp\/v2\/comments?post=46"}],"version-history":[{"count":2,"href":"https:\/\/www.repaircafepibrac.org\/index.php\/wp-json\/wp\/v2\/pages\/46\/revisions"}],"predecessor-version":[{"id":3825,"href":"https:\/\/www.repaircafepibrac.org\/index.php\/wp-json\/wp\/v2\/pages\/46\/revisions\/3825"}],"wp:attachment":[{"href":"https:\/\/www.repaircafepibrac.org\/index.php\/wp-json\/wp\/v2\/media?parent=46"}],"curies":[{"name":"wp","href":"https:\/\/api.w.org\/{rel}","templated":true}]}}