{"id":3342,"date":"2024-10-23T20:40:34","date_gmt":"2024-10-23T18:40:34","guid":{"rendered":"https:\/\/www.repaircafepibrac.org\/?page_id=3342"},"modified":"2024-10-23T21:04:17","modified_gmt":"2024-10-23T19:04:17","slug":"reparation-resistance-grille-pain","status":"publish","type":"page","link":"https:\/\/www.repaircafepibrac.org\/index.php\/reparation-resistance-grille-pain\/","title":{"rendered":"R\u00e9paration r\u00e9sistance grille-pain"},"content":{"rendered":"\n<h2 class=\"wp-block-heading\">R\u00e9paration r\u00e9sistance chauffante d&#8217;un grille-pain<\/h2>\n\n\n\n<p class=\"wp-block-paragraph\">Un panne classique du grille-pain qui le condamne g\u00e9n\u00e9ralement \u00e0 prendre le chemin de la d\u00e9chetterie, c\u2019est la r\u00e9sistance chauffante qui est localement fondue et coup\u00e9e en 1 ou plusieurs endroits.<\/p>\n\n\n\n<p class=\"wp-block-paragraph\"><strong>Cause de la panne:<\/strong> Des miettes de pain tombent sur la r\u00e9sistance chauffante et carbonisent, ce qui cr\u00e9e un point chaud qui conduit \u00e0 la fusion et la coupure de la r\u00e9sistance<\/p>\n\n\n\n<p class=\"wp-block-paragraph\">S<strong>olution:<\/strong> Au Repair Caf\u00e9 de Pibrac nous avons d\u00e9velopp\u00e9 une m\u00e9thode pour r\u00e9parer la r\u00e9sistance.<\/p>\n\n\n\n<p class=\"wp-block-paragraph\"><strong>Mat\u00e9riel:<\/strong> Vous avez besoin de ruban d&#8217;acier nickel\u00e9 ou de ruban en nickel pur et d&#8217;un petit poste \u00e0 souder par point (spot welding). Source ruban: <a href=\"https:\/\/fr.aliexpress.com\/item\/32966110069.html\">https:\/\/fr.aliexpress.com\/item\/32966110069.html<\/a>. Source poste \u00e0 souder: <a href=\"https:\/\/fr.aliexpress.com\/item\/1005004763108308.html\">https:\/\/fr.aliexpress.com\/item\/1005004763108308.html<\/a><\/p>\n\n\n\n<p class=\"wp-block-paragraph\"><strong>Mode op\u00e9ratoire:<\/strong> Il faut d\u00e9monter le grille-pain et la plaque en mica sur laquelle est bobin\u00e9e la r\u00e9sistance. Il faudra certainement couper les fils \u00e9lectriques rigides qui lui am\u00e8nent le courant. Lors du remontage ces fils devront \u00eatre <strong>sertis <\/strong>et non soud\u00e9s avec de la soudure Sn Pb. La figure de gauche montre la bande acier nickel\u00e9e qui est gliss\u00e9e sous la r\u00e9sistance, le point de coupure \u00e9tant positionn\u00e9 au milieu de la bande. La figure du milieu montre la soudeuse \u00e9lectrique par point qui va permettre de souder la r\u00e9sistance en 6 points, 3 de chaque cot\u00e9 de la coupure. V\u00e9rifiez que les points de soudure sont robustes en poussant l\u00e9g\u00e8rement le fil r\u00e9sistant sur le cot\u00e9 avec un petit tournevis plat. Il est temps maintenant de r\u00e9assembler l&#8217;appareil. Les fils rigides que vous avez coup\u00e9s pour d\u00e9poser la galette chauffante doivent \u00eatre reconnect\u00e9s soit avec un clip de sertissage, soit avec un petit connecteur de domino en laiton dont vous avez enlever le plastique .N&#8217;h\u00e9sitez-pas \u00e0 nous contacter si vous avez des questions soit sur la m\u00e9thode, soit sur la soudeuse.<\/p>\n\n\n<div class=\"kb-row-layout-wrap kb-row-layout-id3342_1e3b3e-1c alignnone wp-block-kadence-rowlayout\"><div class=\"kt-row-column-wrap kt-has-3-columns kt-row-layout-equal kt-tab-layout-inherit kt-mobile-layout-row kt-row-valign-top\">\n\n<div class=\"wp-block-kadence-column kadence-column3342_e7c0c4-37\"><div class=\"kt-inside-inner-col\">\n<figure class=\"wp-block-image size-full is-resized\"><img loading=\"lazy\" decoding=\"async\" width=\"500\" height=\"500\" src=\"https:\/\/www.repaircafepibrac.org\/wp-content\/uploads\/2024\/10\/SoudureGP-rotated.jpg\" alt=\"\" class=\"wp-image-3312\" style=\"width:238px;height:auto\" srcset=\"https:\/\/www.repaircafepibrac.org\/wp-content\/uploads\/2024\/10\/SoudureGP-rotated.jpg 500w, https:\/\/www.repaircafepibrac.org\/wp-content\/uploads\/2024\/10\/SoudureGP-300x300.jpg 300w, https:\/\/www.repaircafepibrac.org\/wp-content\/uploads\/2024\/10\/SoudureGP-150x150.jpg 150w\" sizes=\"auto, (max-width: 500px) 100vw, 500px\" \/><\/figure>\n<\/div><\/div>\n\n\n\n<div class=\"wp-block-kadence-column kadence-column3342_b27c2d-42\"><div class=\"kt-inside-inner-col\">\n<figure class=\"wp-block-image size-full is-resized\"><img loading=\"lazy\" decoding=\"async\" width=\"375\" height=\"427\" src=\"https:\/\/www.repaircafepibrac.org\/wp-content\/uploads\/2024\/10\/posteSoudPointRed.jpg\" alt=\"\" class=\"wp-image-3311\" style=\"width:220px;height:auto\" srcset=\"https:\/\/www.repaircafepibrac.org\/wp-content\/uploads\/2024\/10\/posteSoudPointRed.jpg 375w, https:\/\/www.repaircafepibrac.org\/wp-content\/uploads\/2024\/10\/posteSoudPointRed-263x300.jpg 263w\" sizes=\"auto, (max-width: 375px) 100vw, 375px\" \/><figcaption class=\"wp-element-caption\">Spot welder<\/figcaption><\/figure>\n<\/div><\/div>\n\n\n\n<div class=\"wp-block-kadence-column kadence-column3342_0cf39a-be\"><div class=\"kt-inside-inner-col\">\n<figure class=\"wp-block-image size-full\"><img loading=\"lazy\" decoding=\"async\" width=\"215\" height=\"196\" src=\"https:\/\/www.repaircafepibrac.org\/wp-content\/uploads\/2024\/10\/Rubnick.png\" alt=\"\" class=\"wp-image-3345\"\/><figcaption class=\"wp-element-caption\"><strong>Ruban acier nickel\u00e9<\/strong><\/figcaption><\/figure>\n<\/div><\/div>\n\n<\/div><\/div>","protected":false},"excerpt":{"rendered":"<p>R\u00e9paration r\u00e9sistance chauffante d&#8217;un grille-pain Un panne classique du grille-pain qui le condamne g\u00e9n\u00e9ralement \u00e0 prendre le chemin de la d\u00e9chetterie, c\u2019est la r\u00e9sistance chauffante qui est localement fondue et coup\u00e9e en 1 ou plusieurs endroits. Cause de la panne: Des miettes de pain tombent sur la r\u00e9sistance chauffante et carbonisent, ce qui cr\u00e9e un [&hellip;]<\/p>\n","protected":false},"author":3,"featured_media":0,"parent":0,"menu_order":0,"comment_status":"closed","ping_status":"closed","template":"wp-custom-template-page-cafe-bricol","meta":{"_crdt_document":"","footnotes":""},"class_list":["post-3342","page","type-page","status-publish","hentry"],"_links":{"self":[{"href":"https:\/\/www.repaircafepibrac.org\/index.php\/wp-json\/wp\/v2\/pages\/3342","targetHints":{"allow":["GET"]}}],"collection":[{"href":"https:\/\/www.repaircafepibrac.org\/index.php\/wp-json\/wp\/v2\/pages"}],"about":[{"href":"https:\/\/www.repaircafepibrac.org\/index.php\/wp-json\/wp\/v2\/types\/page"}],"author":[{"embeddable":true,"href":"https:\/\/www.repaircafepibrac.org\/index.php\/wp-json\/wp\/v2\/users\/3"}],"replies":[{"embeddable":true,"href":"https:\/\/www.repaircafepibrac.org\/index.php\/wp-json\/wp\/v2\/comments?post=3342"}],"version-history":[{"count":8,"href":"https:\/\/www.repaircafepibrac.org\/index.php\/wp-json\/wp\/v2\/pages\/3342\/revisions"}],"predecessor-version":[{"id":3359,"href":"https:\/\/www.repaircafepibrac.org\/index.php\/wp-json\/wp\/v2\/pages\/3342\/revisions\/3359"}],"wp:attachment":[{"href":"https:\/\/www.repaircafepibrac.org\/index.php\/wp-json\/wp\/v2\/media?parent=3342"}],"curies":[{"name":"wp","href":"https:\/\/api.w.org\/{rel}","templated":true}]}}