{"id":3335,"date":"2024-10-23T20:15:22","date_gmt":"2024-10-23T18:15:22","guid":{"rendered":"https:\/\/www.repaircafepibrac.org\/?page_id=3335"},"modified":"2024-10-23T20:22:56","modified_gmt":"2024-10-23T18:22:56","slug":"testeur-apres-depannage","status":"publish","type":"page","link":"https:\/\/www.repaircafepibrac.org\/index.php\/testeur-apres-depannage\/","title":{"rendered":"Testeur apr\u00e8s d\u00e9pannage"},"content":{"rendered":"\n<p class=\"wp-block-paragraph\"><br>L\u2019appareil que vous venez de d\u00e9panner \u00e9tait en court-circuit et faisait sauter les fusibles ou le disjoncteur. Avant de le brancher \u00e0 nouveau sur le 230V, vous voulez \u00eatre sur que votre intervention a \u00e9t\u00e9 efficace et vous ne voulez pas, bien sur, faire \u00ab\u00a0sauter les plombs\u00a0\u00bb<\/p>\n\n\n<div class=\"kb-row-layout-wrap kb-row-layout-id3335_382263-c1 alignnone wp-block-kadence-rowlayout\"><div class=\"kt-row-column-wrap kt-has-2-columns kt-row-layout-left-golden kt-tab-layout-inherit kt-mobile-layout-row kt-row-valign-top\">\n\n<div class=\"wp-block-kadence-column kadence-column3335_4f9f1d-1c\"><div class=\"kt-inside-inner-col\">\n<figure class=\"wp-block-image size-full is-resized\"><img loading=\"lazy\" decoding=\"async\" width=\"477\" height=\"355\" src=\"https:\/\/www.repaircafepibrac.org\/wp-content\/uploads\/2024\/10\/SchemaTesteur.png\" alt=\"\" class=\"wp-image-3336\" style=\"width:318px;height:auto\" srcset=\"https:\/\/www.repaircafepibrac.org\/wp-content\/uploads\/2024\/10\/SchemaTesteur.png 477w, https:\/\/www.repaircafepibrac.org\/wp-content\/uploads\/2024\/10\/SchemaTesteur-300x223.png 300w\" sizes=\"auto, (max-width: 477px) 100vw, 477px\" \/><\/figure>\n<\/div><\/div>\n\n\n\n<div class=\"wp-block-kadence-column kadence-column3335_51188f-2d\"><div class=\"kt-inside-inner-col\">\n<figure class=\"wp-block-image size-full\"><img loading=\"lazy\" decoding=\"async\" width=\"410\" height=\"472\" src=\"https:\/\/www.repaircafepibrac.org\/wp-content\/uploads\/2024\/10\/testeurdepan.png\" alt=\"\" class=\"wp-image-3337\" srcset=\"https:\/\/www.repaircafepibrac.org\/wp-content\/uploads\/2024\/10\/testeurdepan.png 410w, https:\/\/www.repaircafepibrac.org\/wp-content\/uploads\/2024\/10\/testeurdepan-261x300.png 261w\" sizes=\"auto, (max-width: 410px) 100vw, 410px\" \/><\/figure>\n<\/div><\/div>\n\n<\/div><\/div>\n\n\n<p class=\"wp-block-paragraph\">Cet appareil va vous permettre de v\u00e9rifier que l\u2019appareil que vous d\u00e9pannez fonctionne \u00e0 nouveau. Il peut aussi vous aider \u00e0 comprendre la panne si votre intervention n\u2019a pas r\u00e9gl\u00e9 le probl\u00e8me.<\/p>\n\n\n\n<h4 class=\"wp-block-heading\">Principe de fonctionnement&nbsp;:<\/h4>\n\n\n\n<p class=\"wp-block-paragraph\">Au lieu de brancher directement l\u2019appareil au r\u00e9seau 230V, on met en s\u00e9rie dans le circuit des lampes \u00e0 incandescence de diff\u00e9rentes puissances. Par exemple 40W pour P4, 80W pour P3, P2, P1. La mise en s\u00e9rie de lampes et donc de r\u00e9sistances va limiter le courant dans l\u2019appareil \u00e0 tester et \u00e9viter de faire sauter les fusibles. Il va aussi permettre de voir si l\u2019appareil fonctionne normalement dans la phase transitoire \u00e0 la mise sous tension.<\/p>\n\n\n\n<h4 class=\"wp-block-heading\">Mode op\u00e9ratoire&nbsp;:<\/h4>\n\n\n\n<p class=\"wp-block-paragraph\">Exemple de test d\u2019un ampli HiFi&nbsp;: Vous avez chang\u00e9 les transistors de l\u2019\u00e9tage final de puissance qui \u00e9taient en court-circuit et vous voulez voir si l\u2019appareil fonctionne \u00e0 nouveau. Tous les interrupteurs \u00e9tant ouverts, vous brancher l\u2019appareil sur les bornes de sortie du testeur et vous mettez l\u2019ampli en marche. Puis vous fermez l\u2019interrupteur P4, deux situations peuvent se pr\u00e9senter&nbsp;:<\/p>\n\n\n\n<p class=\"wp-block-paragraph\">1-La lampe L4 s\u2019allume bri\u00e8vement puis s\u2019\u00e9teint cela signifie que le court-circuit a disparu et que les condenseurs de l\u2019alimentation DC viennent de se charger. Vous pouvez alors fermer P3, P2, P1 et CC et monter le volume de l\u2019ampli pour voir si tout fonctionne normalement.<\/p>\n\n\n\n<p class=\"wp-block-paragraph\">2- La lampe L4 reste allum\u00e9e, vous pouvez ensuite fermer P3, puis P2, si L3 et L2 restent allum\u00e9es c\u2019est que le court-circuit n\u2019a pas disparu, donc ne fermez surtout pas CC.<\/p>\n\n\n\n<p class=\"wp-block-paragraph\">Ceci est juste un exemple et le comportement peut \u00eatre diff\u00e9rent pour d\u2019autres appareils. Si vous avez compris le principe, avec un peu de pratique cet appareil vous sera d\u2019une aide pr\u00e9cieuse pour tester le fonctionnement des appareils apr\u00e8s intervention.<\/p>\n","protected":false},"excerpt":{"rendered":"<p>L\u2019appareil que vous venez de d\u00e9panner \u00e9tait en court-circuit et faisait sauter les fusibles ou le disjoncteur. Avant de le brancher \u00e0 nouveau sur le 230V, vous voulez \u00eatre sur que votre intervention a \u00e9t\u00e9 efficace et vous ne voulez pas, bien sur, faire \u00ab\u00a0sauter les plombs\u00a0\u00bb Cet appareil va vous permettre de v\u00e9rifier que [&hellip;]<\/p>\n","protected":false},"author":3,"featured_media":0,"parent":0,"menu_order":0,"comment_status":"closed","ping_status":"closed","template":"wp-custom-template-page-cafe-bricol","meta":{"_crdt_document":"","footnotes":""},"class_list":["post-3335","page","type-page","status-publish","hentry"],"_links":{"self":[{"href":"https:\/\/www.repaircafepibrac.org\/index.php\/wp-json\/wp\/v2\/pages\/3335","targetHints":{"allow":["GET"]}}],"collection":[{"href":"https:\/\/www.repaircafepibrac.org\/index.php\/wp-json\/wp\/v2\/pages"}],"about":[{"href":"https:\/\/www.repaircafepibrac.org\/index.php\/wp-json\/wp\/v2\/types\/page"}],"author":[{"embeddable":true,"href":"https:\/\/www.repaircafepibrac.org\/index.php\/wp-json\/wp\/v2\/users\/3"}],"replies":[{"embeddable":true,"href":"https:\/\/www.repaircafepibrac.org\/index.php\/wp-json\/wp\/v2\/comments?post=3335"}],"version-history":[{"count":1,"href":"https:\/\/www.repaircafepibrac.org\/index.php\/wp-json\/wp\/v2\/pages\/3335\/revisions"}],"predecessor-version":[{"id":3339,"href":"https:\/\/www.repaircafepibrac.org\/index.php\/wp-json\/wp\/v2\/pages\/3335\/revisions\/3339"}],"wp:attachment":[{"href":"https:\/\/www.repaircafepibrac.org\/index.php\/wp-json\/wp\/v2\/media?parent=3335"}],"curies":[{"name":"wp","href":"https:\/\/api.w.org\/{rel}","templated":true}]}}