{"id":3299,"date":"2024-10-18T19:47:59","date_gmt":"2024-10-18T17:47:59","guid":{"rendered":"https:\/\/www.repaircafepibrac.org\/?page_id=3299"},"modified":"2024-10-25T17:07:34","modified_gmt":"2024-10-25T15:07:34","slug":"liste-outillages","status":"publish","type":"page","link":"https:\/\/www.repaircafepibrac.org\/index.php\/liste-outillages\/","title":{"rendered":"Liste outillages"},"content":{"rendered":"\n<p class=\"wp-block-paragraph\"><strong>Inventaire outillage Repair Caf\u00e9 de Pibrac <\/strong>(oct2024)<\/p>\n\n\n\n<p class=\"wp-block-paragraph\"><strong>Kit outillage individuel: 12 kits comprenant chacun 17 outils de base<\/strong><\/p>\n\n\n\n<figure class=\"wp-block-table\"><table class=\"has-fixed-layout\"><tbody><tr><td>1<\/td><td>Aimant<\/td><\/tr><tr><td>2<\/td><td>Boite embouts miniatures<\/td><\/tr><tr><td>3<\/td><td>Boite embouts normaux<\/td><\/tr><tr><td>4<\/td><td>Brosse dents<\/td><\/tr><tr><td>5<\/td><td>Brosse m\u00e9tallique+bande abrasive<\/td><\/tr><tr><td>6<\/td><td>2 Cordons fiche banane avec pince croco<\/td><\/tr><tr><td>7<\/td><td>Cutter+lames rechange<\/td><\/tr><tr><td>8<\/td><td>4 Outils de d\u00e9plissage<\/td><\/tr><tr><td>9<\/td><td>Lampe Led<\/td><\/tr><tr><td>10<\/td><td>3 Lime tiers point<\/td><\/tr><tr><td>11<\/td><td>1 loupe (x15)<\/td><\/tr><tr><td>12<\/td><td>1 Manche long pour embouts hexagonaux<\/td><\/tr><tr><td>13<\/td><td>Multim\u00e8tre avec cordon pointe de touche<\/td><\/tr><tr><td>14<\/td><td>5 Pinces \u00e9lectricien<\/td><\/tr><tr><td>15<\/td><td>2 Pr\u00e9celles <\/td><\/tr><tr><td>16<\/td><td>6 Tournevis plats et cruciformes<\/td><\/tr><tr><td>17<\/td><td>Boite plastique kit<\/td><\/tr><tr><td>18<\/td><td>Pince coupante fine (\u00e0 venir)<\/td><\/tr><tr><td>19<\/td><td>Fer \u00e0 souder (\u00e0 venir)<\/td><\/tr><tr><td>20<\/td><td>W40 petit spray (\u00e0 venir)<\/td><\/tr><tr><td><\/td><td><\/td><\/tr><\/tbody><\/table><\/figure>\n\n\n\n<p class=\"wp-block-paragraph\"><strong>Caisse outillage \u00e9lectrique<\/strong><\/p>\n\n\n\n<ol class=\"wp-block-list\">\n<li>Perceuse 230V<\/li>\n\n\n\n<li>Visseuse sans fil 12,6V avec son fil de chargeur (utiliser alim dc variable)<\/li>\n\n\n\n<li>D\u00e9capeur thermique parkside 230V<\/li>\n\n\n\n<li>Aspirateur 230V rouge <\/li>\n\n\n\n<li>Souffleur\/d\u00e9poussi\u00e9reur sans fil<\/li>\n<\/ol>\n\n\n\n<p class=\"wp-block-paragraph\"><strong>Outillage<\/strong> <strong>R\u00e9paration v\u00e9lo<\/strong><\/p>\n\n\n\n<ul class=\"wp-block-list\">\n<li>Pied support<\/li>\n\n\n\n<li>Mallette outillage v\u00e9lo<\/li>\n\n\n\n<li>Pompe \u00e0 main<\/li>\n<\/ul>\n\n\n\n<p class=\"wp-block-paragraph\"><strong>Caisse Mesure<\/strong><\/p>\n\n\n\n<ol class=\"wp-block-list\">\n<li>Pied \u00e0 coulisse digital<\/li>\n\n\n\n<li>R\u00e9glet<\/li>\n\n\n\n<li>Compteur d\u2019\u00e9nergie<\/li>\n\n\n\n<li>Oscilloscope portatif<\/li>\n\n\n\n<li>G\u00e9n\u00e9rateur de signal<\/li>\n\n\n\n<li>Dispositif de test apr\u00e8s d\u00e9pannage (avec son ampoule \u00e0 filament)<\/li>\n\n\n\n<li>Alimentation variable (V et I) DC 32V 5A<\/li>\n\n\n\n<li>Alimentation DC fixe 9V 2.5A<\/li>\n\n\n\n<li>Alimentation DC fixe 18V 3.5A<\/li>\n\n\n\n<li>Lampe t\u00e9moin 230V<\/li>\n\n\n\n<li>Lampe t\u00e9moin 230V Veilleuse<\/li>\n\n\n\n<li>Pince amp\u00e8rem\u00e9trique<\/li>\n\n\n\n<li>Multim\u00e8tre No&nbsp;: 1<\/li>\n\n\n\n<li>Testeur de composants avec ses 3 fils de mesure<\/li>\n\n\n\n<li>Chargeur de t\u00e9l\u00e9phone 5V avec cordons micro-USB et USB-C<\/li>\n\n\n\n<li>Chargeur de t\u00e9l\u00e9phone avec connecteur micro-usb et USB type-C<\/li>\n\n\n\n<li>1 peson pour peser les appareils<\/li>\n<\/ol>\n\n\n\n<p class=\"wp-block-paragraph\"><strong>Caisse nettoyage\/graissage<\/strong><\/p>\n\n\n\n<ol class=\"wp-block-list\">\n<li>W40 classique<\/li>\n\n\n\n<li>W40 super d\u00e9grippant<\/li>\n\n\n\n<li>W40 silicone<\/li>\n\n\n\n<li>W40 d\u00e9graissant multi usages<\/li>\n\n\n\n<li>W40 nettoyant contact<\/li>\n\n\n\n<li>Spray froid (d\u00e9pannage \u00e9lectronique)<\/li>\n\n\n\n<li>Spray colle contact<\/li>\n\n\n\n<li>Burette huile vaseline<\/li>\n\n\n\n<li>Bombe d\u00e9poussi\u00e9rante<\/li>\n\n\n\n<li>Graisse normale<\/li>\n\n\n\n<li>Alcool isopropylique<\/li>\n\n\n\n<li>Ac\u00e9tone<\/li>\n\n\n\n<li>Essence \u00ab&nbsp;F&nbsp;\u00bb<\/li>\n\n\n\n<li>White-spirit<\/li>\n\n\n\n<li>Eau adoucie<\/li>\n<\/ol>\n\n\n\n<p class=\"wp-block-paragraph\"><strong>Caisse Outillage commun<\/strong><\/p>\n\n\n\n<ul class=\"wp-block-list\">\n<li>2 pinces multiprises Facom<\/li>\n\n\n\n<li>4 cutters<\/li>\n\n\n\n<li>2 set de cl\u00e9s torx courtes<\/li>\n\n\n\n<li>1 set d&#8217;embouts torx long 20cm<\/li>\n\n\n\n<li>2 set d&#8217;embouts torx long 15cm<\/li>\n\n\n\n<li>1 pince bec long coud\u00e9 facom<\/li>\n\n\n\n<li>1 scie \u00e0 m\u00e9taux avec manche<\/li>\n\n\n\n<li>2 ciseaux \u00e9lectricien<\/li>\n\n\n\n<li>1 cl\u00e9 \u00e0 molette 50mm<\/li>\n\n\n\n<li>1 miroir avec manche t\u00e9lescopique<\/li>\n\n\n\n<li>2 marteaux<\/li>\n\n\n\n<li>1 rallonge pour embouts vissage normaux 20cm<\/li>\n\n\n\n<li>1 boite d&#8217;embouts standart<\/li>\n\n\n\n<li>1 set de tournevis miniatures<\/li>\n\n\n\n<li>1 set combin\u00e9 lampe avec embouts+douilles+tournevis<\/li>\n\n\n\n<li>1 pince \u00e0 d\u00e9nuder <\/li>\n\n\n\n<li>1 set de cl\u00e9s plates de 7 \u00e0 22mm<\/li>\n<\/ul>\n\n\n\n<p class=\"wp-block-paragraph\"><strong>Caisse Alimentation\/C\u00e2bles \u00e9lectrique<\/strong><\/p>\n\n\n\n<ul class=\"wp-block-list\">\n<li>x1 Enrouleur rallonge \u00e9lectrique<\/li>\n\n\n\n<li>x1 Bo\u00eetier disjoncteur diff\u00e9rentiel<\/li>\n\n\n\n<li>x11 Rallonges \u00e9lectriques<\/li>\n\n\n\n<li>x6 Rallonges prises multiples<\/li>\n\n\n\n<li>x1 Transformateur d\u2019isolement 1600VA<\/li>\n\n\n\n<li>x7 multiprises<\/li>\n<\/ul>\n\n\n\n<p class=\"wp-block-paragraph\"><strong>Caisse soudure #1 boite rouge<\/strong><\/p>\n\n\n\n<ul class=\"wp-block-list\">\n<li>Fer \u00e0 souder Weller <\/li>\n\n\n\n<li>Pistolet \u00e0 colle<\/li>\n\n\n\n<li>gaines thermor\u00e9tractables<\/li>\n<\/ul>\n\n\n\n<p class=\"wp-block-paragraph\"><strong>Caisse soudure #2 boite outils jaune<\/strong><\/p>\n\n\n\n<ul class=\"wp-block-list\">\n<li>Autres fers \u00e0 souder<\/li>\n\n\n\n<li>accessoires de soudure (soudure, tresse \u00e0 dessouder, pompe \u00e0 dessouder, pannes, &#8230;..)<\/li>\n<\/ul>\n\n\n\n<p class=\"wp-block-paragraph\"><strong>Caisse outils de rechange pour les kits:<\/strong><\/p>\n\n\n\n<ul class=\"wp-block-list\">\n<li>Stock pour remplacer les outils manquants des kits<\/li>\n<\/ul>\n\n\n\n<p class=\"wp-block-paragraph\"><strong>Caisse<\/strong> <strong>r\u00e9cup\u00e9ration cartes \u00e9lectroniques et pi\u00e8ces de rechanges<\/strong><\/p>\n\n\n\n<ul class=\"wp-block-list\">\n<li>Cartes \u00e9lectronique de puissance<\/li>\n\n\n\n<li>Pi\u00e8ces d\u00e9tach\u00e9es pour four micro ondes<\/li>\n<\/ul>\n\n\n\n<p class=\"wp-block-paragraph\"><strong>Casiers \u00e0 tiroirs<\/strong> <strong>composants \u00e9lectroniques<\/strong><\/p>\n\n\n\n<p class=\"wp-block-paragraph\">1 casier 32 tiroirs avec composants actifs et passifs plus 1 casier 40 tiroirs avec composants actifs et passifs<\/p>\n\n\n\n<p class=\"wp-block-paragraph\"><strong>Divers<\/strong><\/p>\n\n\n\n<ul class=\"wp-block-list\">\n<li>Protection tables (x10)<\/li>\n\n\n\n<li>1 flamme RCP avec son support<\/li>\n\n\n\n<li>1 Kak\u00e9mono<\/li>\n\n\n\n<li>1 banderole Esprit R\u00e9cup<\/li>\n\n\n\n<li>1 banderole Repair Caf\u00e9 Pibrac<\/li>\n<\/ul>\n","protected":false},"excerpt":{"rendered":"<p>Inventaire outillage Repair Caf\u00e9 de Pibrac (oct2024) Kit outillage individuel: 12 kits comprenant chacun 17 outils de base 1 Aimant 2 Boite embouts miniatures 3 Boite embouts normaux 4 Brosse dents 5 Brosse m\u00e9tallique+bande abrasive 6 2 Cordons fiche banane avec pince croco 7 Cutter+lames rechange 8 4 Outils de d\u00e9plissage 9 Lampe Led 10 [&hellip;]<\/p>\n","protected":false},"author":3,"featured_media":0,"parent":0,"menu_order":0,"comment_status":"closed","ping_status":"closed","template":"","meta":{"_crdt_document":"","footnotes":""},"class_list":["post-3299","page","type-page","status-publish","hentry"],"_links":{"self":[{"href":"https:\/\/www.repaircafepibrac.org\/index.php\/wp-json\/wp\/v2\/pages\/3299","targetHints":{"allow":["GET"]}}],"collection":[{"href":"https:\/\/www.repaircafepibrac.org\/index.php\/wp-json\/wp\/v2\/pages"}],"about":[{"href":"https:\/\/www.repaircafepibrac.org\/index.php\/wp-json\/wp\/v2\/types\/page"}],"author":[{"embeddable":true,"href":"https:\/\/www.repaircafepibrac.org\/index.php\/wp-json\/wp\/v2\/users\/3"}],"replies":[{"embeddable":true,"href":"https:\/\/www.repaircafepibrac.org\/index.php\/wp-json\/wp\/v2\/comments?post=3299"}],"version-history":[{"count":10,"href":"https:\/\/www.repaircafepibrac.org\/index.php\/wp-json\/wp\/v2\/pages\/3299\/revisions"}],"predecessor-version":[{"id":3374,"href":"https:\/\/www.repaircafepibrac.org\/index.php\/wp-json\/wp\/v2\/pages\/3299\/revisions\/3374"}],"wp:attachment":[{"href":"https:\/\/www.repaircafepibrac.org\/index.php\/wp-json\/wp\/v2\/media?parent=3299"}],"curies":[{"name":"wp","href":"https:\/\/api.w.org\/{rel}","templated":true}]}}