{"id":3194,"date":"2024-07-30T20:11:00","date_gmt":"2024-07-30T18:11:00","guid":{"rendered":"https:\/\/www.repaircafepibrac.org\/?page_id=3194"},"modified":"2024-07-30T21:07:33","modified_gmt":"2024-07-30T19:07:33","slug":"essai-list","status":"publish","type":"page","link":"https:\/\/www.repaircafepibrac.org\/index.php\/essai-list\/","title":{"rendered":"essai list"},"content":{"rendered":"<div class=\"em em-view-container\" id=\"em-view-882420124\" data-view=\"list\">\r\n\t<div class=\"em pixelbones em-list em-events-list\" id=\"em-events-list-882420124\" data-view-id=\"882420124\">\r\n\t<div class=\"flexline\">\t<div class=\"flex1\" style=\"border:1px solid #aaa;margin:10px;max-width:520px;\">\r\n\t<table style=\"width:100%;border-collapse:collapse;max-width:500px\">\r\n\t\t<tr>\r\n\t\t\t<td style=\"width:35%\">\r\n\t\t\t\t<strong>15 octobre 2020 - 15 octobre 2021<\/strong><br\/>\r\n\t\t\t\t 17h00 - 19h00\r\n\t\t\t<\/td>\r\n\t\t\t<td>\r\n\t\t\t\t <a href=\"https:\/\/www.repaircafepibrac.org\/index.php\/events\/bases-theorique-en-electricite\/\">Bases th\u00e9orique en \u00e9lectricit\u00e9<\/a>\r\n\t\t\t\t <br\/><i><a href=\"https:\/\/www.repaircafepibrac.org\/index.php\/locations\/les-chalets\/\">Les chalets<\/a>, <strong>Toulouse<\/strong><\/i>\r\n\t\t\t<\/td>\r\n\t\t<\/tr>\r\n\t<\/table>\r\n\t<\/div>\t<div class=\"flex1\" style=\"border:1px solid #aaa;margin:10px;max-width:520px;\">\r\n\t<table style=\"width:100%;border-collapse:collapse;max-width:500px\">\r\n\t\t<tr>\r\n\t\t\t<td style=\"width:35%\">\r\n\t\t\t\t<strong>29 octobre 2020<\/strong><br\/>\r\n\t\t\t\t 17h00 - 19h00\r\n\t\t\t<\/td>\r\n\t\t\t<td>\r\n\t\t\t\t <a href=\"https:\/\/www.repaircafepibrac.org\/index.php\/events\/depannage-des-appareils-a-resistance-chauffante\/\">D\u00e9pannage des appareils \u00e0 r\u00e9sistance chauffante<\/a>\r\n\t\t\t\t <br\/><i><a href=\"https:\/\/www.repaircafepibrac.org\/index.php\/locations\/les-chalets\/\">Les chalets<\/a>, <strong>Toulouse<\/strong><\/i>\r\n\t\t\t<\/td>\r\n\t\t<\/tr>\r\n\t<\/table>\r\n\t<\/div>\t<div class=\"flex1\" style=\"border:1px solid #aaa;margin:10px;max-width:520px;\">\r\n\t<table style=\"width:100%;border-collapse:collapse;max-width:500px\">\r\n\t\t<tr>\r\n\t\t\t<td style=\"width:35%\">\r\n\t\t\t\t<strong>9 d\u00e9cembre 2021<\/strong><br\/>\r\n\t\t\t\t 17h00 - 19h00\r\n\t\t\t<\/td>\r\n\t\t\t<td>\r\n\t\t\t\t <a href=\"https:\/\/www.repaircafepibrac.org\/index.php\/events\/bases-en-electricite-premiere-partie\/\">Formation bases de l&#039;\u00e9lectricit\u00e9 premi\u00e8re partie<\/a>\r\n\t\t\t\t \r\n\t\t\t<\/td>\r\n\t\t<\/tr>\r\n\t<\/table>\r\n\t<\/div>\t<div class=\"flex1\" style=\"border:1px solid #aaa;margin:10px;max-width:520px;\">\r\n\t<table style=\"width:100%;border-collapse:collapse;max-width:500px\">\r\n\t\t<tr>\r\n\t\t\t<td style=\"width:35%\">\r\n\t\t\t\t<strong>9 d\u00e9cembre 2021<\/strong><br\/>\r\n\t\t\t\t 17h00 - 19h00\r\n\t\t\t<\/td>\r\n\t\t\t<td>\r\n\t\t\t\t <a href=\"https:\/\/www.repaircafepibrac.org\/index.php\/events\/bases-en-electricite-premiere-partie-2\/\">Formation bases de l&#039;\u00e9lectricit\u00e9 premi\u00e8re partie<\/a>\r\n\t\t\t\t <br\/><i><a href=\"\">CPIE<\/a>, <strong>Toulouse<\/strong><\/i>\r\n\t\t\t<\/td>\r\n\t\t<\/tr>\r\n\t<\/table>\r\n\t<\/div>\t<div class=\"flex1\" style=\"border:1px solid #aaa;margin:10px;max-width:520px;\">\r\n\t<table style=\"width:100%;border-collapse:collapse;max-width:500px\">\r\n\t\t<tr>\r\n\t\t\t<td style=\"width:35%\">\r\n\t\t\t\t<strong>20 janvier 2022<\/strong><br\/>\r\n\t\t\t\t 18h30 - 20h30\r\n\t\t\t<\/td>\r\n\t\t\t<td>\r\n\t\t\t\t <a href=\"https:\/\/www.repaircafepibrac.org\/index.php\/events\/formation-bases-de-lelectricite-deuxieme-partie\/\">Formation bases de l&#039;\u00e9lectricit\u00e9 deuxi\u00e8me partie<\/a>\r\n\t\t\t\t <br\/><i><a href=\"https:\/\/www.repaircafepibrac.org\/index.php\/locations\/les-chalets\/\">Les chalets<\/a>, <strong>Toulouse<\/strong><\/i>\r\n\t\t\t<\/td>\r\n\t\t<\/tr>\r\n\t<\/table>\r\n\t<\/div>\t<div class=\"flex1\" style=\"border:1px solid #aaa;margin:10px;max-width:520px;\">\r\n\t<table style=\"width:100%;border-collapse:collapse;max-width:500px\">\r\n\t\t<tr>\r\n\t\t\t<td style=\"width:35%\">\r\n\t\t\t\t<strong>10 f\u00e9vrier 2022<\/strong><br\/>\r\n\t\t\t\t 17h00 - 19h00\r\n\t\t\t<\/td>\r\n\t\t\t<td>\r\n\t\t\t\t <a href=\"https:\/\/www.repaircafepibrac.org\/index.php\/events\/depannage-des-appareils-chauffants-premiere-partie\/\">D\u00e9pannage des appareils chauffants premi\u00e8re partie<\/a>\r\n\t\t\t\t <br\/><i><a href=\"\">CPIE<\/a>, <strong>Toulouse<\/strong><\/i>\r\n\t\t\t<\/td>\r\n\t\t<\/tr>\r\n\t<\/table>\r\n\t<\/div>\t<div class=\"flex1\" style=\"border:1px solid #aaa;margin:10px;max-width:520px;\">\r\n\t<table style=\"width:100%;border-collapse:collapse;max-width:500px\">\r\n\t\t<tr>\r\n\t\t\t<td style=\"width:35%\">\r\n\t\t\t\t<strong>17 f\u00e9vrier 2022<\/strong><br\/>\r\n\t\t\t\t 17h00 - 19h00\r\n\t\t\t<\/td>\r\n\t\t\t<td>\r\n\t\t\t\t <a href=\"https:\/\/www.repaircafepibrac.org\/index.php\/events\/depannage-des-appareils-chauffants-deuxieme-partie\/\">D\u00e9pannage des appareils chauffants deuxi\u00e8me partie<\/a>\r\n\t\t\t\t <br\/><i><a href=\"\">CPIE<\/a>, <strong>Toulouse<\/strong><\/i>\r\n\t\t\t<\/td>\r\n\t\t<\/tr>\r\n\t<\/table>\r\n\t<\/div>\t<div class=\"flex1\" style=\"border:1px solid #aaa;margin:10px;max-width:520px;\">\r\n\t<table style=\"width:100%;border-collapse:collapse;max-width:500px\">\r\n\t\t<tr>\r\n\t\t\t<td style=\"width:35%\">\r\n\t\t\t\t<strong>2 avril 2022<\/strong><br\/>\r\n\t\t\t\t 10h00 - 18h30\r\n\t\t\t<\/td>\r\n\t\t\t<td>\r\n\t\t\t\t <a href=\"https:\/\/www.repaircafepibrac.org\/index.php\/events\/depannage-des-moteurs-thermiques\/\">D\u00e9pannage des moteurs thermiques<\/a>\r\n\t\t\t\t <br\/><i><a href=\"https:\/\/www.repaircafepibrac.org\/index.php\/locations\/mess\/\">MESS<\/a>, <strong>Ramonville-Saint-Agne<\/strong><\/i>\r\n\t\t\t<\/td>\r\n\t\t<\/tr>\r\n\t<\/table>\r\n\t<\/div>\t<div class=\"flex1\" style=\"border:1px solid #aaa;margin:10px;max-width:520px;\">\r\n\t<table style=\"width:100%;border-collapse:collapse;max-width:500px\">\r\n\t\t<tr>\r\n\t\t\t<td style=\"width:35%\">\r\n\t\t\t\t<strong>16 mai 2022<\/strong><br\/>\r\n\t\t\t\t 9h00 - 17h00\r\n\t\t\t<\/td>\r\n\t\t\t<td>\r\n\t\t\t\t <a href=\"https:\/\/www.repaircafepibrac.org\/index.php\/events\/formation-au-depannage-des-moteurs-electriques-premiere-partie-2\/\">Formation au d\u00e9pannage des moteurs \u00e9lectriques (premi\u00e8re partie)<\/a>\r\n\t\t\t\t <br\/><i><a href=\"\">CPIE<\/a>, <strong>Toulouse<\/strong><\/i>\r\n\t\t\t<\/td>\r\n\t\t<\/tr>\r\n\t<\/table>\r\n\t<\/div>\t<div class=\"flex1\" style=\"border:1px solid #aaa;margin:10px;max-width:520px;\">\r\n\t<table style=\"width:100%;border-collapse:collapse;max-width:500px\">\r\n\t\t<tr>\r\n\t\t\t<td style=\"width:35%\">\r\n\t\t\t\t<strong>28 mai 2022<\/strong><br\/>\r\n\t\t\t\t 17h00 - 19h00\r\n\t\t\t<\/td>\r\n\t\t\t<td>\r\n\t\t\t\t <a href=\"https:\/\/www.repaircafepibrac.org\/index.php\/events\/formation-au-depannage-des-moteurs-electriques-premiere-partie\/\">Formation au d\u00e9pannage des machines \u00e0 coudre<\/a>\r\n\t\t\t\t <br\/><i><a href=\"https:\/\/www.repaircafepibrac.org\/index.php\/locations\/mess\/\">MESS<\/a>, <strong>Ramonville-Saint-Agne<\/strong><\/i>\r\n\t\t\t<\/td>\r\n\t\t<\/tr>\r\n\t<\/table>\r\n\t<\/div><\/div>\t<\/div>\r\n<\/div>\n","protected":false},"excerpt":{"rendered":"","protected":false},"author":3,"featured_media":0,"parent":0,"menu_order":0,"comment_status":"closed","ping_status":"closed","template":"wp-custom-template-page-cafe-bricol","meta":{"_crdt_document":"","footnotes":""},"class_list":["post-3194","page","type-page","status-publish","hentry"],"_links":{"self":[{"href":"https:\/\/www.repaircafepibrac.org\/index.php\/wp-json\/wp\/v2\/pages\/3194","targetHints":{"allow":["GET"]}}],"collection":[{"href":"https:\/\/www.repaircafepibrac.org\/index.php\/wp-json\/wp\/v2\/pages"}],"about":[{"href":"https:\/\/www.repaircafepibrac.org\/index.php\/wp-json\/wp\/v2\/types\/page"}],"author":[{"embeddable":true,"href":"https:\/\/www.repaircafepibrac.org\/index.php\/wp-json\/wp\/v2\/users\/3"}],"replies":[{"embeddable":true,"href":"https:\/\/www.repaircafepibrac.org\/index.php\/wp-json\/wp\/v2\/comments?post=3194"}],"version-history":[{"count":10,"href":"https:\/\/www.repaircafepibrac.org\/index.php\/wp-json\/wp\/v2\/pages\/3194\/revisions"}],"predecessor-version":[{"id":3209,"href":"https:\/\/www.repaircafepibrac.org\/index.php\/wp-json\/wp\/v2\/pages\/3194\/revisions\/3209"}],"wp:attachment":[{"href":"https:\/\/www.repaircafepibrac.org\/index.php\/wp-json\/wp\/v2\/media?parent=3194"}],"curies":[{"name":"wp","href":"https:\/\/api.w.org\/{rel}","templated":true}]}}