{"id":2464,"date":"2022-10-18T18:34:12","date_gmt":"2022-10-18T16:34:12","guid":{"rendered":"https:\/\/www.repaircafepibrac.org\/?page_id=2464"},"modified":"2022-10-21T12:25:36","modified_gmt":"2022-10-21T10:25:36","slug":"2464-2","status":"publish","type":"page","link":"https:\/\/www.repaircafepibrac.org\/index.php\/2464-2\/","title":{"rendered":"Aide"},"content":{"rendered":"\n<div class=\"wp-block-kadence-column inner-column-1 kadence-column_75d5c9-7b\"><div class=\"kt-inside-inner-col\">\n<div class=\"wp-block-columns is-layout-flex wp-container-core-columns-is-layout-f56f613f wp-block-columns-is-layout-flex\">\n<div class=\"wp-block-column is-layout-flow wp-block-column-is-layout-flow\" style=\"border-style:none;border-width:0px;padding-top:0px;padding-right:10px;padding-left:0px;flex-basis:40%\">\n<h4 class=\"kt-adv-heading_e6e1a8-24 Encadre wp-block-kadence-advancedheading\" data-kb-block=\"kb-adv-heading_e6e1a8-24\">Nom de l&#8217;\u00e9v\u00e9nement<\/h4>\n\n\n\n<p class=\"wp-block-paragraph\" style=\"margin-left:10px\">Donner un <strong>nom \u00e0 l&#8217;\u00e9v\u00e9nement.<\/strong><\/p>\n<\/div>\n\n\n\n<div class=\"wp-block-column is-layout-flow wp-block-column-is-layout-flow\" style=\"padding-left:10px\">\n<p class=\"Margin0 wp-block-paragraph\">Si possible utiliser un nom de la liste ci dessous :<\/p>\n\n\n\n<ul class=\"Margin0 wp-block-list\">\n<li><strong>Formation<\/strong> : pour une formation<\/li>\n\n\n\n<li><strong>Caf\u00e9 Bricol<\/strong> : pour une session de d\u00e9pannage d&#8217;un Caf\u00e9 Bricol<\/li>\n\n\n\n<li><strong>Repair Caf\u00e9<\/strong> : pour une session de d\u00e9pannage d&#8217;un Repair Caf\u00e9<\/li>\n\n\n\n<li>&#8230;<\/li>\n<\/ul>\n<\/div>\n<\/div>\n\n\n\n<div class=\"wp-block-columns is-layout-flex wp-container-core-columns-is-layout-f56f613f wp-block-columns-is-layout-flex\">\n<div class=\"wp-block-column input is-layout-flow wp-block-column-is-layout-flow\" style=\"border-style:none;border-width:0px;padding-top:0px;padding-right:10px;padding-left:0px;flex-basis:40%\">\n<h4 class=\"kt-adv-heading_2092a4-d8 Encadre wp-block-kadence-advancedheading\" data-kb-block=\"kb-adv-heading_2092a4-d8\">Quand<\/h4>\n<\/div>\n\n\n\n<div class=\"wp-block-column is-layout-flow wp-block-column-is-layout-flow\" style=\"padding-left:10px\">\n<p class=\"wp-block-paragraph\">Entrer les dates et heures de d\u00e9but et de fin<\/p>\n\n\n\n<p class=\"Margin0 wp-block-paragraph\">Si l&#8217;\u00e9v\u00e9nement dure toute une journ\u00e9e, cocher la case toute la journ\u00e9e  \u2b1c <\/p>\n<\/div>\n<\/div>\n<\/div><\/div>\n","protected":false},"excerpt":{"rendered":"<p>Nom de l&#8217;\u00e9v\u00e9nement Donner un nom \u00e0 l&#8217;\u00e9v\u00e9nement. Si possible utiliser un nom de la liste ci dessous : Quand Entrer les dates et heures de d\u00e9but et de fin Si l&#8217;\u00e9v\u00e9nement dure toute une journ\u00e9e, cocher la case toute la journ\u00e9e \u2b1c<\/p>\n","protected":false},"author":5,"featured_media":0,"parent":0,"menu_order":0,"comment_status":"closed","ping_status":"closed","template":"wp-custom-template-page-cafe-bricol","meta":{"_crdt_document":"","footnotes":""},"class_list":["post-2464","page","type-page","status-publish","hentry"],"_links":{"self":[{"href":"https:\/\/www.repaircafepibrac.org\/index.php\/wp-json\/wp\/v2\/pages\/2464","targetHints":{"allow":["GET"]}}],"collection":[{"href":"https:\/\/www.repaircafepibrac.org\/index.php\/wp-json\/wp\/v2\/pages"}],"about":[{"href":"https:\/\/www.repaircafepibrac.org\/index.php\/wp-json\/wp\/v2\/types\/page"}],"author":[{"embeddable":true,"href":"https:\/\/www.repaircafepibrac.org\/index.php\/wp-json\/wp\/v2\/users\/5"}],"replies":[{"embeddable":true,"href":"https:\/\/www.repaircafepibrac.org\/index.php\/wp-json\/wp\/v2\/comments?post=2464"}],"version-history":[{"count":58,"href":"https:\/\/www.repaircafepibrac.org\/index.php\/wp-json\/wp\/v2\/pages\/2464\/revisions"}],"predecessor-version":[{"id":2571,"href":"https:\/\/www.repaircafepibrac.org\/index.php\/wp-json\/wp\/v2\/pages\/2464\/revisions\/2571"}],"wp:attachment":[{"href":"https:\/\/www.repaircafepibrac.org\/index.php\/wp-json\/wp\/v2\/media?parent=2464"}],"curies":[{"name":"wp","href":"https:\/\/api.w.org\/{rel}","templated":true}]}}