{"id":1513,"date":"2022-05-04T17:29:58","date_gmt":"2022-05-04T15:29:58","guid":{"rendered":"https:\/\/ccbt-st1.le-pic.org\/?page_id=1513"},"modified":"2024-06-02T16:38:54","modified_gmt":"2024-06-02T14:38:54","slug":"charte-des-cafes-bricol-2","status":"publish","type":"page","link":"https:\/\/www.repaircafepibrac.org\/index.php\/charte-des-cafes-bricol-2\/","title":{"rendered":"Charte des Repair Caf\u00e9s"},"content":{"rendered":"\n<h2 class=\"wp-block-heading\">Charte des Repair Caf\u00e9s<\/h2>\n\n\n\n<h2 class=\"wp-block-heading has-large-font-size\" style=\"font-style:normal;font-weight:600\"><strong>Pr\u00e9ambule<\/strong><strong>&nbsp;:<\/strong><\/h2>\n\n\n\n<p class=\"wp-block-paragraph\">Le Repair Caf\u00e9 est un \u00e9v\u00e9nement participatif et convivial o\u00f9 des b\u00e9n\u00e9voles vous accueillent pour vous aider \u00e0 r\u00e9parer des objets du quotidien en panne mais qui peuvent encore servir. L\u2019\u00e9change, la transmission de savoir-faire, la solidarit\u00e9 et la pr\u00e9servation de l\u2019environnement sont les valeurs qui nous animent.<\/p>\n\n\n\n<h3 class=\"wp-block-heading has-large-font-size\" style=\"font-style:normal;font-weight:600\">1\/&nbsp;Gratuit\u00e9<\/h3>\n\n\n\n<p class=\"wp-block-paragraph\">Les conseils et les activit\u00e9s de r\u00e9paration sont fournis gratuitement\u00a0par des r\u00e9parateurs b\u00e9n\u00e9voles. Toutefois, une petite boite tirelire de dons nous permet d&#8217;acheter les consommables qui sont utilis\u00e9s durant les r\u00e9parations. Il n\u2019y a pas de transactions commerciales entre b\u00e9n\u00e9voles et visiteurs.<\/p>\n\n\n\n<h3 class=\"wp-block-heading has-large-font-size\" style=\"font-style:normal;font-weight:600\">2\/ Nous faisons de notre mieux<\/h3>\n\n\n\n<p class=\"wp-block-paragraph\">Les b\u00e9n\u00e9voles font de leur mieux pour vous aider \u00e0 remettre en \u00e9tat de bon fonctionnement les objets qui leur sont pr\u00e9sent\u00e9s mais n\u2019ont\u00a0pas d\u2019obligation de r\u00e9sultat.<\/p>\n\n\n\n<h3 class=\"wp-block-heading has-large-font-size\" style=\"font-style:normal;font-weight:600\">3\/ Participation des visiteurs<\/h3>\n\n\n\n<p class=\"wp-block-paragraph\">Dans la mesure du possible les visiteurs participent \u00e0 la r\u00e9paration avec le soutien des r\u00e9parateurs b\u00e9n\u00e9voles et restent pr\u00e9sents tout au long de la r\u00e9paration. Ils doivent donner au r\u00e9parateur le maximum d\u2019information \u00e0 propos de la panne et ils emportent toujours leurs objets en fin de s\u00e9ance, que la r\u00e9paration soit termin\u00e9e ou non.<\/p>\n\n\n\n<h3 class=\"wp-block-heading has-large-font-size\" style=\"font-style:normal;font-weight:600\">4\/ Nombre d&#8217;objets que l&#8217;on peut faire r\u00e9parer<\/h3>\n\n\n\n<p class=\"wp-block-paragraph\">Les visiteurs ne pr\u00e9sentent qu\u2019un objet \u00e0 la fois. Une fois la premi\u00e8re r\u00e9paration effectu\u00e9e, ils peuvent retourner \u00e0 l\u2019accueil et faire la queue pour un deuxi\u00e8me objet.<\/p>\n\n\n\n<h3 class=\"wp-block-heading has-large-font-size\" style=\"font-style:normal;font-weight:600\">5\/ Responsabilit\u00e9<\/h3>\n\n\n\n<p class=\"wp-block-paragraph\">Ni les organisateurs du Repair Caf\u00e9, ni les r\u00e9parateurs ne peuvent \u00eatre tenus responsables des dommages \u00e9ventuels suite aux conseils ou instructions de r\u00e9paration donn\u00e9s, ou des dommages occasionn\u00e9s aux objets ou personnes pendant ou apr\u00e8s le Repair Caf\u00e9. Le visiteur remporte son objet en fin de s\u00e9ance qu\u2019il ait \u00e9t\u00e9 r\u00e9par\u00e9 ou non. Il peut le rapporter \u00e0 une prochaine s\u00e9ance pour continuer ou finaliser la r\u00e9paration.<\/p>\n\n\n\n<h3 class=\"wp-block-heading has-large-font-size\" style=\"font-style:normal;font-weight:600\">6\/ Garantie<\/h3>\n\n\n\n<p class=\"wp-block-paragraph\">Les r\u00e9parateurs ne donnent aucune garantie sur les r\u00e9parations effectu\u00e9es&nbsp;et ne sont pas donc responsables d\u2019un \u00e9ventuel mauvais fonctionnement futur. Nous pr\u00e9f\u00e9rons ne pas r\u00e9parer un appareil encore sous garantie sous peine pour le propri\u00e9taire de l\u2019objet de perdre cette garantie.<\/p>\n\n\n\n<h3 class=\"wp-block-heading has-large-font-size\" style=\"font-style:normal;font-weight:600\">7\/ Objets non r\u00e9par\u00e9s<\/h3>\n\n\n\n<p class=\"wp-block-paragraph\">Les b\u00e9n\u00e9voles r\u00e9parateurs n\u2019ont&nbsp;pas l\u2019obligation de remonter un objet non r\u00e9par\u00e9. Les visiteurs sont responsables de l\u2019\u00e9limination appropri\u00e9e des objets non r\u00e9par\u00e9s avec les conseils \u00e9ventuels d\u2019un r\u00e9parateur b\u00e9n\u00e9vole.<\/p>\n\n\n\n<h3 class=\"wp-block-heading has-large-font-size\" style=\"font-style:normal;font-weight:600\">8\/ Pi\u00e8ces de rechange et consommables<\/h3>\n\n\n\n<p class=\"wp-block-paragraph\">Le Repair Caf\u00e9 ne fournit pas les pi\u00e8ces de rechange mais il peut conseiller sur la r\u00e9f\u00e9rence \u00e0 acheter et sur les sources d\u2019achats pour finaliser la r\u00e9paration. N\u00e9anmoins il se peut que nous ayons en stock quelques pi\u00e8ces courantes.<\/p>\n\n\n\n<h3 class=\"wp-block-heading\"><br><br><\/h3>\n","protected":false},"excerpt":{"rendered":"<p>Charte des Repair Caf\u00e9s Pr\u00e9ambule&nbsp;: Le Repair Caf\u00e9 est un \u00e9v\u00e9nement participatif et convivial o\u00f9 des b\u00e9n\u00e9voles vous accueillent pour vous aider \u00e0 r\u00e9parer des objets du quotidien en panne mais qui peuvent encore servir. L\u2019\u00e9change, la transmission de savoir-faire, la solidarit\u00e9 et la pr\u00e9servation de l\u2019environnement sont les valeurs qui nous animent. 1\/&nbsp;Gratuit\u00e9 Les [&hellip;]<\/p>\n","protected":false},"author":3,"featured_media":0,"parent":0,"menu_order":0,"comment_status":"closed","ping_status":"closed","template":"wp-custom-template-page-cafe-bricol","meta":{"_crdt_document":"","footnotes":""},"class_list":["post-1513","page","type-page","status-publish","hentry"],"_links":{"self":[{"href":"https:\/\/www.repaircafepibrac.org\/index.php\/wp-json\/wp\/v2\/pages\/1513","targetHints":{"allow":["GET"]}}],"collection":[{"href":"https:\/\/www.repaircafepibrac.org\/index.php\/wp-json\/wp\/v2\/pages"}],"about":[{"href":"https:\/\/www.repaircafepibrac.org\/index.php\/wp-json\/wp\/v2\/types\/page"}],"author":[{"embeddable":true,"href":"https:\/\/www.repaircafepibrac.org\/index.php\/wp-json\/wp\/v2\/users\/3"}],"replies":[{"embeddable":true,"href":"https:\/\/www.repaircafepibrac.org\/index.php\/wp-json\/wp\/v2\/comments?post=1513"}],"version-history":[{"count":8,"href":"https:\/\/www.repaircafepibrac.org\/index.php\/wp-json\/wp\/v2\/pages\/1513\/revisions"}],"predecessor-version":[{"id":3005,"href":"https:\/\/www.repaircafepibrac.org\/index.php\/wp-json\/wp\/v2\/pages\/1513\/revisions\/3005"}],"wp:attachment":[{"href":"https:\/\/www.repaircafepibrac.org\/index.php\/wp-json\/wp\/v2\/media?parent=1513"}],"curies":[{"name":"wp","href":"https:\/\/api.w.org\/{rel}","templated":true}]}}